{"id":11,"date":"2020-11-20T17:53:47","date_gmt":"2020-11-20T16:53:47","guid":{"rendered":"http:\/\/przedszkole113.openworld24.pl\/?page_id=11"},"modified":"2026-02-17T17:46:08","modified_gmt":"2026-02-17T16:46:08","slug":"kadra","status":"publish","type":"page","link":"https:\/\/ple113.poznan.pl\/index.php\/o-nas\/kadra\/","title":{"rendered":"Kadra"},"content":{"rendered":"\n<p><strong>Grupa Kotki :<\/strong><\/p>\n\n\n\n<p>Nauczyciele &#8211; pani Ma\u0142gorzata, pani Miros\u0142awa, pani Agnieszka<\/p>\n\n\n\n<p>Pomoc nauczyciela &#8211; pani Ilona<\/p>\n\n\n\n<p>Dzieciom pomaga r\u00f3wnie\u017c &#8211; pani Wioletta<\/p>\n\n\n\n<p><strong>Grupa \u017babki :<\/strong><\/p>\n\n\n\n<p>Nauczyciele &#8211;  pani Natalia, pani Danuta<\/p>\n\n\n\n<p>Dzieciom pomaga r\u00f3wnie\u017c &#8211; pani Edyta<\/p>\n\n\n\n<p><strong>Grupa Pingwiny :<\/strong><\/p>\n\n\n\n<p>Nauczyciele &#8211; pani Justyna, pani Luiza<\/p>\n\n\n\n<p>Dzieciom pomaga r\u00f3wnie\u017c &#8211; pani Agnieszka<\/p>\n\n\n\n<p><strong>Grupa Delfiny :<\/strong><\/p>\n\n\n\n<p>Nauczyciele &#8211; pani Justyna, pani Hanna<\/p>\n\n\n\n<p>Dzieciom pomaga r\u00f3wnie\u017c &#8211; pani Joanna<\/p>\n\n\n\n<p><strong>Grupa Kangury :<\/strong><\/p>\n\n\n\n<p>Nauczyciele &#8211; pani Jolanta, pani Ewa<\/p>\n\n\n\n<p>Dzieciom pomaga r\u00f3wnie\u017c &#8211; pani Ma\u0142gorzata<\/p>\n\n\n\n<p><strong>Dyrektor przedszkola:<\/strong><\/p>\n\n\n\n<p class=\"has-text-color has-medium-font-size\" style=\"color:#840df3\"><strong>mgr Agnieszka Werner<\/strong><\/p>\n\n\n\n<p><\/p>\n\n\n\n<div class=\"wp-block-columns is-layout-flex wp-container-core-columns-is-layout-28f84493 wp-block-columns-is-layout-flex\">\n<div class=\"wp-block-column is-layout-flow wp-block-column-is-layout-flow\" style=\"flex-basis:100%\"><\/div>\n<\/div>\n","protected":false},"excerpt":{"rendered":"<p>Grupa Kotki : Nauczyciele &#8211; pani Ma\u0142gorzata, pani Miros\u0142awa, pani Agnieszka Pomoc nauczyciela &#8211; pani Ilona Dzieciom pomaga r\u00f3wnie\u017c &#8211; pani Wioletta Grupa \u017babki : Nauczyciele &#8211; pani Natalia, pani Danuta Dzieciom pomaga r\u00f3wnie\u017c &#8211; pani Edyta Grupa Pingwiny : Nauczyciele &#8211; pani Justyna, pani Luiza Dzieciom pomaga r\u00f3wnie\u017c &#8211; pani Agnieszka Grupa Delfiny : [&hellip;]<\/p>\n","protected":false},"author":1,"featured_media":0,"parent":7,"menu_order":0,"comment_status":"closed","ping_status":"closed","template":"","meta":{"footnotes":""},"class_list":["post-11","page","type-page","status-publish","hentry"],"_links":{"self":[{"href":"https:\/\/ple113.poznan.pl\/index.php\/wp-json\/wp\/v2\/pages\/11","targetHints":{"allow":["GET"]}}],"collection":[{"href":"https:\/\/ple113.poznan.pl\/index.php\/wp-json\/wp\/v2\/pages"}],"about":[{"href":"https:\/\/ple113.poznan.pl\/index.php\/wp-json\/wp\/v2\/types\/page"}],"author":[{"embeddable":true,"href":"https:\/\/ple113.poznan.pl\/index.php\/wp-json\/wp\/v2\/users\/1"}],"replies":[{"embeddable":true,"href":"https:\/\/ple113.poznan.pl\/index.php\/wp-json\/wp\/v2\/comments?post=11"}],"version-history":[{"count":76,"href":"https:\/\/ple113.poznan.pl\/index.php\/wp-json\/wp\/v2\/pages\/11\/revisions"}],"predecessor-version":[{"id":5305,"href":"https:\/\/ple113.poznan.pl\/index.php\/wp-json\/wp\/v2\/pages\/11\/revisions\/5305"}],"up":[{"embeddable":true,"href":"https:\/\/ple113.poznan.pl\/index.php\/wp-json\/wp\/v2\/pages\/7"}],"wp:attachment":[{"href":"https:\/\/ple113.poznan.pl\/index.php\/wp-json\/wp\/v2\/media?parent=11"}],"curies":[{"name":"wp","href":"https:\/\/api.w.org\/{rel}","templated":true}]}}