{"id":13,"date":"2020-11-20T17:53:58","date_gmt":"2020-11-20T16:53:58","guid":{"rendered":"http:\/\/przedszkole113.openworld24.pl\/?page_id=13"},"modified":"2026-02-09T21:42:23","modified_gmt":"2026-02-09T20:42:23","slug":"grupy","status":"publish","type":"page","link":"https:\/\/ple113.poznan.pl\/index.php\/o-nas\/grupy\/","title":{"rendered":"Grupy"},"content":{"rendered":"\n<p class=\"has-luminous-dusk-gradient-background has-background\"><strong>GRUPA &#8222;KOTKI&#8221; (dzieci 3-letnie)<\/strong><\/p>\n\n\n\n<figure class=\"wp-block-image size-large is-resized\"><img fetchpriority=\"high\" decoding=\"async\" width=\"1000\" height=\"667\" src=\"https:\/\/ple113.poznan.pl\/wp-content\/uploads\/2021\/02\/koty1.jpg\" alt=\"\" class=\"wp-image-227\" style=\"width:500px;height:334px\" srcset=\"https:\/\/ple113.poznan.pl\/wp-content\/uploads\/2021\/02\/koty1.jpg 1000w, https:\/\/ple113.poznan.pl\/wp-content\/uploads\/2021\/02\/koty1-300x200.jpg 300w, https:\/\/ple113.poznan.pl\/wp-content\/uploads\/2021\/02\/koty1-768x512.jpg 768w\" sizes=\"(max-width: 1000px) 100vw, 1000px\" \/><\/figure>\n\n\n\n<p><strong>Prowadz\u0105ce grup\u0119 nauczycielki:<\/strong><\/p>\n\n\n\n<p>pani Ma\u0142gorzata, pani Agnieszka, pani Miros\u0142awa<\/p>\n\n\n\n<p><strong>Dzieciom pomagaj\u0105 r\u00f3wnie\u017c:<\/strong><\/p>\n\n\n\n<p>pani Ilona, pani Wioletta<\/p>\n\n\n\n<hr class=\"wp-block-separator has-css-opacity\"\/>\n\n\n\n<p class=\"has-light-green-cyan-to-vivid-green-cyan-gradient-background has-background\"><strong>GRUPA &#8222;\u017bABKI&#8221; (dzieci 4- letnie)<\/strong><\/p>\n\n\n\n<figure class=\"wp-block-image size-large is-resized is-style-default\"><img decoding=\"async\" width=\"1000\" height=\"667\" src=\"https:\/\/ple113.poznan.pl\/wp-content\/uploads\/2021\/02\/zabki1.jpg\" alt=\"\" class=\"wp-image-229\" style=\"width:500px;height:334px\" srcset=\"https:\/\/ple113.poznan.pl\/wp-content\/uploads\/2021\/02\/zabki1.jpg 1000w, https:\/\/ple113.poznan.pl\/wp-content\/uploads\/2021\/02\/zabki1-300x200.jpg 300w, https:\/\/ple113.poznan.pl\/wp-content\/uploads\/2021\/02\/zabki1-768x512.jpg 768w\" sizes=\"(max-width: 1000px) 100vw, 1000px\" \/><\/figure>\n\n\n\n<p><strong>Prowadz\u0105ce grup\u0119 nauczycielki:<\/strong><\/p>\n\n\n\n<p>pani Natalia, pani Danuta<\/p>\n\n\n\n<p><strong>Dzieciom pomaga r\u00f3wnie\u017c:<\/strong> <\/p>\n\n\n\n<p>pani Edyta<\/p>\n\n\n\n<hr class=\"wp-block-separator has-css-opacity\"\/>\n\n\n\n<p class=\"has-luminous-vivid-amber-to-luminous-vivid-orange-gradient-background has-background\"><strong>GRUPA &#8222;PINGWINY&#8221; (dzieci 5- letnie)<\/strong><\/p>\n\n\n\n<figure class=\"wp-block-image size-large is-resized\"><img decoding=\"async\" width=\"801\" height=\"653\" src=\"https:\/\/ple113.poznan.pl\/wp-content\/uploads\/2021\/03\/IMG_20210305_145753_.jpg\" alt=\"\" class=\"wp-image-760\" style=\"width:401px;height:327px\" srcset=\"https:\/\/ple113.poznan.pl\/wp-content\/uploads\/2021\/03\/IMG_20210305_145753_.jpg 801w, https:\/\/ple113.poznan.pl\/wp-content\/uploads\/2021\/03\/IMG_20210305_145753_-300x245.jpg 300w, https:\/\/ple113.poznan.pl\/wp-content\/uploads\/2021\/03\/IMG_20210305_145753_-768x626.jpg 768w\" sizes=\"(max-width: 801px) 100vw, 801px\" \/><\/figure>\n\n\n\n<p><strong>Prowadz\u0105ce grup\u0119 nauczycielki:<\/strong><\/p>\n\n\n\n<p>pani Justyna, pani Luiza<\/p>\n\n\n\n<p><strong>Dzieciom pomaga r\u00f3wnie\u017c:<\/strong><\/p>\n\n\n\n<p>pani Agnieszka<\/p>\n\n\n\n<hr class=\"wp-block-separator has-css-opacity\"\/>\n\n\n\n<p class=\"has-vivid-cyan-blue-to-vivid-purple-gradient-background has-text-color has-background\" style=\"color:#ebae4c\"><mark style=\"background-color:rgba(0, 0, 0, 0)\" class=\"has-inline-color has-black-color\">\u00a0<strong>GRUPA &#8222;DELFINY&#8221; (dzieci 6- letnie)<\/strong><\/mark><\/p>\n\n\n\n<figure class=\"wp-block-image size-large is-resized\"><img loading=\"lazy\" decoding=\"async\" width=\"1024\" height=\"768\" src=\"https:\/\/ple113.poznan.pl\/wp-content\/uploads\/2024\/10\/20240916_103624-1024x768.jpg\" alt=\"\" class=\"wp-image-4490\" style=\"width:500px;height:334px\" srcset=\"https:\/\/ple113.poznan.pl\/wp-content\/uploads\/2024\/10\/20240916_103624-1024x768.jpg 1024w, https:\/\/ple113.poznan.pl\/wp-content\/uploads\/2024\/10\/20240916_103624-300x225.jpg 300w\" sizes=\"(max-width: 1024px) 100vw, 1024px\" \/><\/figure>\n\n\n\n<p><strong>Prowadz\u0105ce grup\u0119 nauczycielki:<\/strong><\/p>\n\n\n\n<p>pani Justyna, pani Hanna<\/p>\n\n\n\n<p><strong>Dzieciom pomaga r\u00f3wnie\u017c:<\/strong><\/p>\n\n\n\n<p>pani Joanna<\/p>\n\n\n\n<hr class=\"wp-block-separator has-css-opacity\"\/>\n\n\n\n<p class=\"has-blush-bordeaux-gradient-background has-background\">&nbsp;<strong>GRUPA &#8222;KANGURY&#8221; (dzieci 6 -letnie)<\/strong><\/p>\n\n\n\n<figure class=\"wp-block-image size-large is-resized\"><img loading=\"lazy\" decoding=\"async\" width=\"1024\" height=\"768\" src=\"https:\/\/ple113.poznan.pl\/wp-content\/uploads\/2024\/10\/20240910_151157-1-1024x768.jpg\" alt=\"\" class=\"wp-image-4525\" style=\"width:500px;height:334px\" srcset=\"https:\/\/ple113.poznan.pl\/wp-content\/uploads\/2024\/10\/20240910_151157-1-1024x768.jpg 1024w, https:\/\/ple113.poznan.pl\/wp-content\/uploads\/2024\/10\/20240910_151157-1-300x225.jpg 300w, https:\/\/ple113.poznan.pl\/wp-content\/uploads\/2024\/10\/20240910_151157-1-768x576.jpg 768w, https:\/\/ple113.poznan.pl\/wp-content\/uploads\/2024\/10\/20240910_151157-1-1536x1152.jpg 1536w, https:\/\/ple113.poznan.pl\/wp-content\/uploads\/2024\/10\/20240910_151157-1-2048x1536.jpg 2048w\" sizes=\"(max-width: 1024px) 100vw, 1024px\" \/><\/figure>\n\n\n\n<p><strong>Prowadz\u0105ce grup\u0119 nauczycielki:<\/strong><\/p>\n\n\n\n<p>pani Jolanta, pani Ewa<\/p>\n\n\n\n<p><strong>Dzieciom pomaga r\u00f3wnie\u017c:<\/strong><\/p>\n\n\n\n<p>pani Ma\u0142gorzata<\/p>\n","protected":false},"excerpt":{"rendered":"<p>GRUPA &#8222;KOTKI&#8221; (dzieci 3-letnie) Prowadz\u0105ce grup\u0119 nauczycielki: pani Ma\u0142gorzata, pani Agnieszka, pani Miros\u0142awa Dzieciom pomagaj\u0105 r\u00f3wnie\u017c: pani Ilona, pani Wioletta GRUPA &#8222;\u017bABKI&#8221; (dzieci 4- letnie) Prowadz\u0105ce grup\u0119 nauczycielki: pani Natalia, pani Danuta Dzieciom pomaga r\u00f3wnie\u017c: pani Edyta GRUPA &#8222;PINGWINY&#8221; (dzieci 5- letnie) Prowadz\u0105ce grup\u0119 nauczycielki: pani Justyna, pani Luiza Dzieciom pomaga r\u00f3wnie\u017c: pani Agnieszka \u00a0GRUPA [&hellip;]<\/p>\n","protected":false},"author":1,"featured_media":0,"parent":7,"menu_order":0,"comment_status":"closed","ping_status":"closed","template":"","meta":{"footnotes":""},"class_list":["post-13","page","type-page","status-publish","hentry"],"_links":{"self":[{"href":"https:\/\/ple113.poznan.pl\/index.php\/wp-json\/wp\/v2\/pages\/13","targetHints":{"allow":["GET"]}}],"collection":[{"href":"https:\/\/ple113.poznan.pl\/index.php\/wp-json\/wp\/v2\/pages"}],"about":[{"href":"https:\/\/ple113.poznan.pl\/index.php\/wp-json\/wp\/v2\/types\/page"}],"author":[{"embeddable":true,"href":"https:\/\/ple113.poznan.pl\/index.php\/wp-json\/wp\/v2\/users\/1"}],"replies":[{"embeddable":true,"href":"https:\/\/ple113.poznan.pl\/index.php\/wp-json\/wp\/v2\/comments?post=13"}],"version-history":[{"count":31,"href":"https:\/\/ple113.poznan.pl\/index.php\/wp-json\/wp\/v2\/pages\/13\/revisions"}],"predecessor-version":[{"id":5192,"href":"https:\/\/ple113.poznan.pl\/index.php\/wp-json\/wp\/v2\/pages\/13\/revisions\/5192"}],"up":[{"embeddable":true,"href":"https:\/\/ple113.poznan.pl\/index.php\/wp-json\/wp\/v2\/pages\/7"}],"wp:attachment":[{"href":"https:\/\/ple113.poznan.pl\/index.php\/wp-json\/wp\/v2\/media?parent=13"}],"curies":[{"name":"wp","href":"https:\/\/api.w.org\/{rel}","templated":true}]}}