{"id":17,"date":"2020-11-20T17:54:44","date_gmt":"2020-11-20T16:54:44","guid":{"rendered":"http:\/\/przedszkole113.openworld24.pl\/?page_id=17"},"modified":"2023-10-13T20:16:29","modified_gmt":"2023-10-13T18:16:29","slug":"koncepcja","status":"publish","type":"page","link":"https:\/\/ple113.poznan.pl\/index.php\/o-nas\/koncepcja\/","title":{"rendered":"Koncepcja"},"content":{"rendered":"\n<p>Najwa\u017cniejszym celem pracy naszego Przedszkola jest zapewnienie podopiecznym takiej edukacji przedszkolnej, kt\u00f3ra b\u0119dzie harmonijnie \u0142\u0105czy\u0107 wychowanie rodzinne z wychowaniem przedszkolnym. Chcemy pom\u00f3c osi\u0105gn\u0105\u0107 dzieciom dojrza\u0142o\u015b\u0107 szkoln\u0105, zapewniaj\u0105c jednocze\u015bnie prawo do szcz\u0119\u015bliwego dzieci\u0144stwa wype\u0142nionego przede wszystkim swobodn\u0105 i kreatywn\u0105 zabaw\u0105. Zadaniem wychowawcy, pracuj\u0105cego na co dzie\u0144 z dzie\u0107mi, dzi\u0119ki indywidualnym kontaktom z podopiecznymi jest podmiotowe traktowanie ka\u017cdego dziecka, tak aby wspiera\u0107 jego rozw\u00f3j, diagnozowa\u0107 jego zarazem mocne i s\u0142abe strony. Nast\u0119pnie rozwija\u0107 odkryte zdolno\u015bci i korygowa\u0107 wychwycone braki. Stosowanie aktywnych metod nauczania (\u0142\u0105czenie tradycji z nowoczesno\u015bci\u0105) to podstawa pracy dydaktycznej, wychowawczej i opieku\u0144czej nauczyciela-wychowawcy.<\/p>\n\n\n\n<p>Przedszkole b\u0119dzie stara\u0142o si\u0119 wychodzi\u0107 naprzeciw oczekiwaniom dzieci, rodzic\u00f3w i pracownik\u00f3w, zapewniaj\u0105c ka\u017cdej ze stron satysfakcj\u0119 z wzajemnych relacji. Dlatego te\u017c wsp\u00f3\u0142dzia\u0142anie wszystkich organ\u00f3w Przedszkola opiera si\u0119 na zasadach wzajemnego poszanowania, u kt\u00f3rego \u017ar\u00f3d\u0142a le\u017cy dialog.<\/p>\n\n\n\n<p><strong>MISJA PRZEDSZKOLA<\/strong><\/p>\n\n\n\n<ol class=\"wp-block-list\" type=\"1\">\n<li>Wspieramy indywidualny rozw\u00f3j dziecka, pozwalamy mu na dzia\u0142anie zgodne z jego mo\u017cliwo\u015bciami, potrzebami i zainteresowaniami.<\/li>\n<\/ol>\n\n\n\n<p>2.&nbsp;Spe\u0142niamy oczekiwania rodzic\u00f3w, wsp\u00f3lnie z nimi rozwijamy mocne strony dziecka, pomagamy dziecku budowa\u0107 pozytywny obraz samego siebie.<\/p>\n\n\n\n<p>3.&nbsp;Zale\u017cy nam, aby dziecko beztrosko osi\u0105gn\u0119\u0142o dojrza\u0142o\u015b\u0107 szkoln\u0105, by w przysz\u0142o\u015bci by\u0142o komunikatywne, spontaniczne i kreatywne.<\/p>\n\n\n\n<p>4.&nbsp;Kszta\u0142tujemy otwart\u0105 postaw\u0119 dziecka wobec otaczaj\u0105cego go \u015bwiata, kultywuj\u0105c tradycje przedszkolne, uczymy si\u0119&nbsp; nawi\u0105zywa\u0107 bliskie i serdeczne kontakty z innymi lud\u017ami.<\/p>\n\n\n\n<p><strong>WIZJA PRZEDSZKOLA<\/strong><\/p>\n\n\n\n<p><strong>1.&nbsp;<\/strong>Stworzenie warunk\u00f3w wielostronnego rozwoju dziecka poprzez kontynuowanie i systematyczne wspieranie aktywno\u015bci artystycznej wychowank\u00f3w, stwarzaj\u0105c swobodn\u0105 i tw\u00f3rcz\u0105 atmosfer\u0119.<\/p>\n\n\n\n<p>2.&nbsp;Przedszkole zapewnia opiek\u0119, wychowanie w atmosferze akceptacji i bezpiecze\u0144stwa. Dzi\u0119ki pracy nauczycieli, personelu plac\u00f3wki, instruktor\u00f3w zaj\u0119\u0107 dodatkowych i ofercie zaj\u0119\u0107 dodatkowych, dzieci maj\u0105 mo\u017cliwo\u015b\u0107 rozwijania swoich zainteresowa\u0144 wzbogacaj\u0105c wiedz\u0119 o otaczaj\u0105cym ich \u015bwiecie.<\/p>\n\n\n\n<p>3.&nbsp; Zaj\u0119cia wychowawczo dydaktyczne dostosowane s\u0105 do mo\u017cliwo\u015bci rozwojowych dzieci i prowadzone s\u0105 na wysokim poziomie.<\/p>\n\n\n\n<p>4.&nbsp;Nauczycielki znaj\u0105 potrzeby dzieci oraz posiadaj\u0105 umiej\u0119tno\u015b\u0107 atrakcyjnego prowadzenia zaj\u0119\u0107. Konstruuj\u0105 ciekawe oferty zabaw i zada\u0144, s\u0105 dobrze przygotowane merytorycznie i metodycznie. Poszukuj\u0105 innowacyjnych rozwi\u0105za\u0144, maj\u0105 wysokie kwalifikacje, pracuj\u0105 z pasj\u0105 ci\u0105gle doskonal\u0105c swoje umiej\u0119tno\u015bci.<\/p>\n\n\n\n<p>5.&nbsp;Nasze Przedszkole jest przyjazne dzieciom. Ci\u0105gle doskonalimy i modernizujemy nasz\u0105 baz\u0119 lokalow\u0105. Pracujemy nad doposa\u017ceniem plac\u00f3wki w nowoczesny sprz\u0119t, nowe meble, pomoce dydaktyczne i atrakcyjne zabawki.<\/p>\n\n\n\n<p>6.\u00a0Przedszkole stara si\u0119 wsp\u00f3\u0142pracowa\u0107 z rodzicami, uwzgl\u0119dnia ich potrzeby i oczekiwania. Rodzice s\u0105 naszymi sojusznikami,  a dzia\u0142ania nasze s\u0105 skoordynowane. Wszyscy pracownicy plac\u00f3wki wsp\u00f3\u0142pracuj\u0105 ze sob\u0105. Tworz\u0105 przyjazn\u0105 atmosfer\u0119, dzi\u0119ki kt\u00f3rej dzieci czuj\u0105 si\u0119 akceptowane i bezpieczne.<\/p>\n\n\n\n<p>7.&nbsp;Dzieci opuszczaj\u0105c nasze przedszkole s\u0105 otwarte, tw\u00f3rcze i komunikatywne, przygotowane do podj\u0119cia obowi\u0105zk\u00f3w na kolejnym szczeblu edukacji. Znaj\u0105 swoje mo\u017cliwo\u015bci, potrafi\u0105 odnale\u017a\u0107 si\u0119 w nowej sytuacji, rozwi\u0105zuj\u0105 problemy, d\u0105\u017c\u0105 do osi\u0105gni\u0119cia sukcesu i radz\u0105 sobie z pora\u017ckami.<\/p>\n","protected":false},"excerpt":{"rendered":"<p>Najwa\u017cniejszym celem pracy naszego Przedszkola jest zapewnienie podopiecznym takiej edukacji przedszkolnej, kt\u00f3ra b\u0119dzie harmonijnie \u0142\u0105czy\u0107 wychowanie rodzinne z wychowaniem przedszkolnym. Chcemy pom\u00f3c osi\u0105gn\u0105\u0107 dzieciom dojrza\u0142o\u015b\u0107 szkoln\u0105, zapewniaj\u0105c jednocze\u015bnie prawo do szcz\u0119\u015bliwego dzieci\u0144stwa wype\u0142nionego przede wszystkim swobodn\u0105 i kreatywn\u0105 zabaw\u0105. Zadaniem wychowawcy, pracuj\u0105cego na co dzie\u0144 z dzie\u0107mi, dzi\u0119ki indywidualnym kontaktom z podopiecznymi jest podmiotowe traktowanie [&hellip;]<\/p>\n","protected":false},"author":1,"featured_media":0,"parent":7,"menu_order":0,"comment_status":"closed","ping_status":"closed","template":"","meta":{"footnotes":""},"class_list":["post-17","page","type-page","status-publish","hentry"],"_links":{"self":[{"href":"https:\/\/ple113.poznan.pl\/index.php\/wp-json\/wp\/v2\/pages\/17","targetHints":{"allow":["GET"]}}],"collection":[{"href":"https:\/\/ple113.poznan.pl\/index.php\/wp-json\/wp\/v2\/pages"}],"about":[{"href":"https:\/\/ple113.poznan.pl\/index.php\/wp-json\/wp\/v2\/types\/page"}],"author":[{"embeddable":true,"href":"https:\/\/ple113.poznan.pl\/index.php\/wp-json\/wp\/v2\/users\/1"}],"replies":[{"embeddable":true,"href":"https:\/\/ple113.poznan.pl\/index.php\/wp-json\/wp\/v2\/comments?post=17"}],"version-history":[{"count":3,"href":"https:\/\/ple113.poznan.pl\/index.php\/wp-json\/wp\/v2\/pages\/17\/revisions"}],"predecessor-version":[{"id":3567,"href":"https:\/\/ple113.poznan.pl\/index.php\/wp-json\/wp\/v2\/pages\/17\/revisions\/3567"}],"up":[{"embeddable":true,"href":"https:\/\/ple113.poznan.pl\/index.php\/wp-json\/wp\/v2\/pages\/7"}],"wp:attachment":[{"href":"https:\/\/ple113.poznan.pl\/index.php\/wp-json\/wp\/v2\/media?parent=17"}],"curies":[{"name":"wp","href":"https:\/\/api.w.org\/{rel}","templated":true}]}}