{"id":19,"date":"2020-11-20T17:55:12","date_gmt":"2020-11-20T16:55:12","guid":{"rendered":"http:\/\/przedszkole113.openworld24.pl\/?page_id=19"},"modified":"2026-02-17T17:31:43","modified_gmt":"2026-02-17T16:31:43","slug":"dyzury-kadry","status":"publish","type":"page","link":"https:\/\/ple113.poznan.pl\/index.php\/dyzury-kadry\/","title":{"rendered":"Dost\u0119pno\u015b\u0107 Kadry"},"content":{"rendered":"\n<p>Zapewniamy rodzicom sta\u0142y kontakt z nauczycielami oraz specjalistami naszego przedszkola poprzez:<\/p>\n\n\n\n<ul class=\"wp-block-list\">\n<li>kontakty bie\u017c\u0105ce<\/li>\n\n\n\n<li>konsultacje indywidualne wed\u0142ug potrzeb (po wcze\u015bniejszym um\u00f3wieniu terminu)<\/li>\n\n\n\n<li>spotkania i zebrania organizowane w ci\u0105gu roku szkolnego<\/li>\n\n\n\n<li>kontakt telefoniczny, mailowy, platforma Teams<\/li>\n\n\n\n<li>mo\u017cliwo\u015b\u0107 spotkania z dyrektorem po wcze\u015bniejszym ustaleniu terminu<\/li>\n\n\n\n<li>wsp\u00f3\u0142prac\u0119 ze specjalistami wed\u0142ug potrzeb<\/li>\n<\/ul>\n\n\n\n<p><strong>NAUCZYCIE  SPECJALI\u015aCI<\/strong><\/p>\n\n\n\n<p>p. Jolanta Bieniek \u2013 pedagog specjalny <\/p>\n\n\n\n<p>p. Dorota Wiatr \u2013 psycholog  <\/p>\n\n\n\n<p>p. Gra\u017cyna Wi\u015bniewska \u2013 logopeda  <\/p>\n\n\n\n<p>p. Natalia Jezierna- terapeuta pedagogiczny<\/p>\n\n\n\n<p>p. Justyna Brz\u00f3stowicz- nauczyciel wsp\u00f3\u0142organizuj\u0105cy<\/p>\n\n\n\n<p>&nbsp;&nbsp;&nbsp;&nbsp;&nbsp;&nbsp;&nbsp;&nbsp;&nbsp;&nbsp;&nbsp;&nbsp;&nbsp;&nbsp;&nbsp;&nbsp;&nbsp;&nbsp;&nbsp;&nbsp;&nbsp;&nbsp;&nbsp;&nbsp;&nbsp;&nbsp;&nbsp;&nbsp;&nbsp;&nbsp;&nbsp;&nbsp;&nbsp;&nbsp;&nbsp;&nbsp;&nbsp;&nbsp;&nbsp;&nbsp;&nbsp;&nbsp;&nbsp;&nbsp;&nbsp;&nbsp;&nbsp;&nbsp;&nbsp;&nbsp;&nbsp;&nbsp;&nbsp;&nbsp;&nbsp;&nbsp;&nbsp; <\/p>\n","protected":false},"excerpt":{"rendered":"<p>Zapewniamy rodzicom sta\u0142y kontakt z nauczycielami oraz specjalistami naszego przedszkola poprzez: NAUCZYCIE SPECJALI\u015aCI p. Jolanta Bieniek \u2013 pedagog specjalny p. Dorota Wiatr \u2013 psycholog p. Gra\u017cyna Wi\u015bniewska \u2013 logopeda p. Natalia Jezierna- terapeuta pedagogiczny p. Justyna Brz\u00f3stowicz- nauczyciel wsp\u00f3\u0142organizuj\u0105cy &nbsp;&nbsp;&nbsp;&nbsp;&nbsp;&nbsp;&nbsp;&nbsp;&nbsp;&nbsp;&nbsp;&nbsp;&nbsp;&nbsp;&nbsp;&nbsp;&nbsp;&nbsp;&nbsp;&nbsp;&nbsp;&nbsp;&nbsp;&nbsp;&nbsp;&nbsp;&nbsp;&nbsp;&nbsp;&nbsp;&nbsp;&nbsp;&nbsp;&nbsp;&nbsp;&nbsp;&nbsp;&nbsp;&nbsp;&nbsp;&nbsp;&nbsp;&nbsp;&nbsp;&nbsp;&nbsp;&nbsp;&nbsp;&nbsp;&nbsp;&nbsp;&nbsp;&nbsp;&nbsp;&nbsp;&nbsp;&nbsp;<\/p>\n","protected":false},"author":1,"featured_media":0,"parent":0,"menu_order":0,"comment_status":"closed","ping_status":"closed","template":"","meta":{"footnotes":""},"class_list":["post-19","page","type-page","status-publish","hentry"],"_links":{"self":[{"href":"https:\/\/ple113.poznan.pl\/index.php\/wp-json\/wp\/v2\/pages\/19","targetHints":{"allow":["GET"]}}],"collection":[{"href":"https:\/\/ple113.poznan.pl\/index.php\/wp-json\/wp\/v2\/pages"}],"about":[{"href":"https:\/\/ple113.poznan.pl\/index.php\/wp-json\/wp\/v2\/types\/page"}],"author":[{"embeddable":true,"href":"https:\/\/ple113.poznan.pl\/index.php\/wp-json\/wp\/v2\/users\/1"}],"replies":[{"embeddable":true,"href":"https:\/\/ple113.poznan.pl\/index.php\/wp-json\/wp\/v2\/comments?post=19"}],"version-history":[{"count":21,"href":"https:\/\/ple113.poznan.pl\/index.php\/wp-json\/wp\/v2\/pages\/19\/revisions"}],"predecessor-version":[{"id":5300,"href":"https:\/\/ple113.poznan.pl\/index.php\/wp-json\/wp\/v2\/pages\/19\/revisions\/5300"}],"wp:attachment":[{"href":"https:\/\/ple113.poznan.pl\/index.php\/wp-json\/wp\/v2\/media?parent=19"}],"curies":[{"name":"wp","href":"https:\/\/api.w.org\/{rel}","templated":true}]}}