{"id":23,"date":"2020-11-20T17:55:31","date_gmt":"2020-11-20T16:55:31","guid":{"rendered":"http:\/\/przedszkole113.openworld24.pl\/?page_id=23"},"modified":"2026-02-11T19:25:55","modified_gmt":"2026-02-11T18:25:55","slug":"zajecia-dodatkowe","status":"publish","type":"page","link":"https:\/\/ple113.poznan.pl\/index.php\/zajecia-dodatkowe\/","title":{"rendered":"Zaj\u0119cia dodatkowe"},"content":{"rendered":"\n<p class=\"has-light-green-cyan-background-color has-background\"><strong>Zaj\u0119cia bezp\u0142atne<\/strong>:<strong>&nbsp;2025\/202<\/strong>6<\/p>\n\n\n\n<p><strong>Rytmika (wszystkie grupy)&nbsp;&#8211;<\/strong> wtorki  <\/p>\n\n\n\n<p>W naszym przedszkolu regularnie odbywaj\u0105 si\u0119 zaj\u0119cia z rytmiki, kt\u00f3re w atrakcyjny spos\u00f3b wprowadzaj\u0105 dzieci w \u015bwiat muzyki i ruchu. Podczas zaj\u0119\u0107 dzieci rozwijaj\u0105 poczucie rytmu, koordynacj\u0119 ruchow\u0105 oraz wra\u017cliwo\u015b\u0107 muzyczn\u0105. Rytmika sprzyja tak\u017ce koncentracji, kreatywno\u015bci i rado\u015bci ze wsp\u00f3lnej zabawy.<\/p>\n\n\n\n<p><strong>J. angielski (wszystkie grupy)<\/strong>-poniedzia\u0142ki i czwartki<\/p>\n\n\n\n<p>Zaj\u0119cia z j\u0119zyka angielskiego odbywaj\u0105 si\u0119 w formie zabawy. Dzieci ucz\u0105 si\u0119 podstawowych zwrot\u00f3w poprzez piosenki, rymowanki, gry oraz ruch. Zaj\u0119cia rozwijaj\u0105 umiej\u0119tno\u015bci j\u0119zykowe, pami\u0119\u0107 i oswajaj\u0105 dzieci z brzmieniem j\u0119zyka obcego.<\/p>\n\n\n\n<p class=\"has-luminous-vivid-amber-background-color has-background\"><strong>Zaj\u0119cia p\u0142atne: 2025\/202<\/strong>6<\/p>\n\n\n\n<p><strong>Ta\u0144ce- <\/strong>czwartki 15.00-16.30<\/p>\n\n\n\n<p>Spotkania z ta\u0144cem odbywaj\u0105 si\u0119 w formie warsztat\u00f3w tanecznych, zazwyczaj to nauka od 4 do 6-ciu prostych uk\u0142ad\u00f3w tanecznych opartych na elementach ta\u0144ca wsp\u00f3\u0142czesnego, towarzyskiego i estradowego. Ta\u0144ce prowadzi trenerka ze Studio Ta\u0144ca Romy Jakubowskiej.<\/p>\n\n\n\n<p><strong>Akademia Ruchu<\/strong>&#8211; \u0107wiczenia og\u00f3lnorozwojowe- wsp\u00f3\u0142praca z przedszkolem<\/p>\n\n\n\n<p><strong>Akademia Pi\u0142karskiego Rozwoju Lampart<\/strong>&#8211; wtorki 15.00-16.30<\/p>\n\n\n\n<p>Zaj\u0119cia maj\u0105 charakter zabawowy- obejmuj\u0105 \u0107wiczenia og\u00f3lnorozwojowe z elementami pi\u0142ki no\u017cnej, wspieraj\u0105ce odporno\u015b\u0107 i zdrowie dziecka. Treningi s\u0105 prowadzone wed\u0142ug specjalnie przygotowanych konspekt\u00f3w przez wykwalifikowanych trener\u00f3w Akademii.<\/p>\n\n\n\n<p><\/p>\n\n\n\n<p><\/p>\n\n\n\n<p><\/p>\n\n\n\n<p><\/p>\n\n\n\n<p><\/p>\n","protected":false},"excerpt":{"rendered":"<p>Zaj\u0119cia bezp\u0142atne:&nbsp;2025\/2026 Rytmika (wszystkie grupy)&nbsp;&#8211; wtorki W naszym przedszkolu regularnie odbywaj\u0105 si\u0119 zaj\u0119cia z rytmiki, kt\u00f3re w atrakcyjny spos\u00f3b wprowadzaj\u0105 dzieci w \u015bwiat muzyki i ruchu. Podczas zaj\u0119\u0107 dzieci rozwijaj\u0105 poczucie rytmu, koordynacj\u0119 ruchow\u0105 oraz wra\u017cliwo\u015b\u0107 muzyczn\u0105. Rytmika sprzyja tak\u017ce koncentracji, kreatywno\u015bci i rado\u015bci ze wsp\u00f3lnej zabawy. J. angielski (wszystkie grupy)-poniedzia\u0142ki i czwartki Zaj\u0119cia z [&hellip;]<\/p>\n","protected":false},"author":1,"featured_media":0,"parent":0,"menu_order":0,"comment_status":"closed","ping_status":"closed","template":"","meta":{"footnotes":""},"class_list":["post-23","page","type-page","status-publish","hentry"],"_links":{"self":[{"href":"https:\/\/ple113.poznan.pl\/index.php\/wp-json\/wp\/v2\/pages\/23","targetHints":{"allow":["GET"]}}],"collection":[{"href":"https:\/\/ple113.poznan.pl\/index.php\/wp-json\/wp\/v2\/pages"}],"about":[{"href":"https:\/\/ple113.poznan.pl\/index.php\/wp-json\/wp\/v2\/types\/page"}],"author":[{"embeddable":true,"href":"https:\/\/ple113.poznan.pl\/index.php\/wp-json\/wp\/v2\/users\/1"}],"replies":[{"embeddable":true,"href":"https:\/\/ple113.poznan.pl\/index.php\/wp-json\/wp\/v2\/comments?post=23"}],"version-history":[{"count":45,"href":"https:\/\/ple113.poznan.pl\/index.php\/wp-json\/wp\/v2\/pages\/23\/revisions"}],"predecessor-version":[{"id":5234,"href":"https:\/\/ple113.poznan.pl\/index.php\/wp-json\/wp\/v2\/pages\/23\/revisions\/5234"}],"wp:attachment":[{"href":"https:\/\/ple113.poznan.pl\/index.php\/wp-json\/wp\/v2\/media?parent=23"}],"curies":[{"name":"wp","href":"https:\/\/api.w.org\/{rel}","templated":true}]}}