{"id":25,"date":"2020-11-20T17:55:55","date_gmt":"2020-11-20T16:55:55","guid":{"rendered":"http:\/\/przedszkole113.openworld24.pl\/?page_id=25"},"modified":"2026-02-17T18:30:11","modified_gmt":"2026-02-17T17:30:11","slug":"pytania-i-odpowiedzi","status":"publish","type":"page","link":"https:\/\/ple113.poznan.pl\/index.php\/pytania-i-odpowiedzi\/","title":{"rendered":"Pytania i odpowiedzi"},"content":{"rendered":"\n<p><strong>Czy w przedszkolu nauczyciel podaje dziecku leki?<\/strong><\/p>\n\n\n\n<p>Nauczyciel nie mo\u017ce podawa\u0107 dzieciom \u017cadnych lek\u00f3w. Do przedszkola przyprowadzamy dzieci zdrowe.<\/p>\n\n\n\n<hr class=\"wp-block-separator has-css-opacity\"\/>\n\n\n\n<p><br><strong>Wyprawka przedszkolaka<\/strong><\/p>\n\n\n\n<p>Na pocz\u0105tek prosimy wyposa\u017cy\u0107 dzieci w kapcie najlepiej z podeszw\u0105 antypo\u015blizgow\u0105, zakryte place i pi\u0119ty, komplet ubra\u0144 na przebranie w podpisanym\u00a0worku. Pe\u0142en \u201eNiezb\u0119dnik przedszkolaka\u2019\u2019 zostanie Pa\u0144stwu przekazany podczas spotka\u0144 informacyjnych na pocz\u0105tku roku szkolnego.<\/p>\n\n\n\n<p>Wyprawka dla 3-latk\u00f3w (grupa Kotki):<br>&#8211; \u015bpiworek (podpisany)<br>&#8211; poduszeczka (podpisana)<br><\/p>\n\n\n\n<hr class=\"wp-block-separator has-css-opacity\"\/>\n\n\n\n<p><strong>Czy przedszkole jest otwarte w wakacje?<\/strong><\/p>\n\n\n\n<p>Rok szkolny w przedszkolu ko\u0144czy si\u0119 w czerwcu. <br>W okresie wakacyjnym (lipiec i sierpie\u0144) przedszkole pe\u0142ni dy\u017cur przez jeden miesi\u0105c. Dat\u0119 zamkni\u0119cia przedszkola opiniuje organ prowadz\u0105cy. Na dy\u017cur letni obowi\u0105zuje dodatkowa rekrutacja.<br>Z odpowiednim wyprzedzeniem informujemy Rodzic\u00f3w, kt\u00f3ry z miesi\u0119cy wakacyjnych jest miesi\u0105cem dy\u017curowym, a kt\u00f3ry stanowi przerw\u0119 wakacyjn\u0105.<\/p>\n\n\n\n<hr class=\"wp-block-separator has-css-opacity\"\/>\n\n\n\n<p><br><strong>W jakich godzinach przyprowadza si\u0119\/odbiera dzieci?<\/strong><\/p>\n\n\n\n<p>Dbaj\u0105c o spokojny przebieg dnia i komfort wszystkich dzieci, prosimy o przestrzeganie sta\u0142ych godzin:<\/p>\n\n\n\n<p><strong>Przyprowadzanie<\/strong>: 6.00-8.30                                                                                                                             <strong>Odbi\u00f3r<\/strong>: 14.00-17.00<\/p>\n\n\n\n<hr class=\"wp-block-separator has-css-opacity\"\/>\n\n\n\n<p><br><strong>Moje dziecko jest alergikiem. Czy w przedszkolu jest mo\u017cliwe przestrzeganie diety?<\/strong><\/p>\n\n\n\n<p>Rodzic\u00f3w dzieci z alergiami pokarmowymi prosimy o przekazanie pe\u0142nej informacji dotycz\u0105cej zalece\u0144 dietetycznych oraz produkt\u00f3w wykluczonych z jad\u0142ospisu.<\/p>\n\n\n\n<p>Personel przedszkola dok\u0142ada wszelkich stara\u0144, aby dzieci nie spo\u017cywa\u0142y produkt\u00f3w, na kt\u00f3re s\u0105 uczulone.           W sytuacji gdy w jad\u0142ospisie wyst\u0119puje produkt niewskazany dla dziecka, dopuszcza si\u0119 mo\u017cliwo\u015b\u0107 dostarczenia przez Rodzic\u00f3w odpowiedniego zamiennika.<\/p>\n\n\n\n<p>Informujemy, \u017ce przedszkole nie prowadzi odr\u0119bnej kuchni przeznaczonej wy\u0142\u0105cznie dla dzieci z alergiami pokarmowymi.<\/p>\n\n\n\n<hr class=\"wp-block-separator has-css-opacity\"\/>\n\n\n\n<p><br><strong>Godziny otwarcia przedszkola<\/strong><\/p>\n\n\n\n<p>Przedszkole jest czynne od poniedzia\u0142ku do pi\u0105tku w godzinach 6.00 &#8211; 17.00.<\/p>\n\n\n\n<hr class=\"wp-block-separator has-css-opacity\"\/>\n\n\n\n<p><strong>W przypadku dodatkowych pyta\u0144 lub potrzeby indywidualnych ustale\u0144 zapraszamy do kontaktu.<\/strong><\/p>\n\n\n\n<p><\/p>\n","protected":false},"excerpt":{"rendered":"<p>Czy w przedszkolu nauczyciel podaje dziecku leki? Nauczyciel nie mo\u017ce podawa\u0107 dzieciom \u017cadnych lek\u00f3w. Do przedszkola przyprowadzamy dzieci zdrowe. Wyprawka przedszkolaka Na pocz\u0105tek prosimy wyposa\u017cy\u0107 dzieci w kapcie najlepiej z podeszw\u0105 antypo\u015blizgow\u0105, zakryte place i pi\u0119ty, komplet ubra\u0144 na przebranie w podpisanym\u00a0worku. Pe\u0142en \u201eNiezb\u0119dnik przedszkolaka\u2019\u2019 zostanie Pa\u0144stwu przekazany podczas spotka\u0144 informacyjnych na pocz\u0105tku roku szkolnego. [&hellip;]<\/p>\n","protected":false},"author":1,"featured_media":0,"parent":0,"menu_order":0,"comment_status":"closed","ping_status":"closed","template":"","meta":{"footnotes":""},"class_list":["post-25","page","type-page","status-publish","hentry"],"_links":{"self":[{"href":"https:\/\/ple113.poznan.pl\/index.php\/wp-json\/wp\/v2\/pages\/25","targetHints":{"allow":["GET"]}}],"collection":[{"href":"https:\/\/ple113.poznan.pl\/index.php\/wp-json\/wp\/v2\/pages"}],"about":[{"href":"https:\/\/ple113.poznan.pl\/index.php\/wp-json\/wp\/v2\/types\/page"}],"author":[{"embeddable":true,"href":"https:\/\/ple113.poznan.pl\/index.php\/wp-json\/wp\/v2\/users\/1"}],"replies":[{"embeddable":true,"href":"https:\/\/ple113.poznan.pl\/index.php\/wp-json\/wp\/v2\/comments?post=25"}],"version-history":[{"count":9,"href":"https:\/\/ple113.poznan.pl\/index.php\/wp-json\/wp\/v2\/pages\/25\/revisions"}],"predecessor-version":[{"id":5316,"href":"https:\/\/ple113.poznan.pl\/index.php\/wp-json\/wp\/v2\/pages\/25\/revisions\/5316"}],"wp:attachment":[{"href":"https:\/\/ple113.poznan.pl\/index.php\/wp-json\/wp\/v2\/media?parent=25"}],"curies":[{"name":"wp","href":"https:\/\/api.w.org\/{rel}","templated":true}]}}