{"id":3426,"date":"2023-09-05T15:09:03","date_gmt":"2023-09-05T13:09:03","guid":{"rendered":"https:\/\/ple113.poznan.pl\/?page_id=3426"},"modified":"2026-02-10T18:03:29","modified_gmt":"2026-02-10T17:03:29","slug":"nasze-projekty","status":"publish","type":"page","link":"https:\/\/ple113.poznan.pl\/index.php\/nasze-projekty\/","title":{"rendered":"Nasze projekty"},"content":{"rendered":"\n<p><strong>Projekty edukacyjne w kt\u00f3rych bierzemy udzia\u0142<\/strong> :<\/p>\n\n\n\n<p><strong>Z Kici\u0105 Koci\u0105 maluchy zmieniaj\u0105 si\u0119 w zuchy- <\/strong><\/p>\n\n\n\n<figure class=\"wp-block-image size-full is-resized\"><img fetchpriority=\"high\" decoding=\"async\" width=\"945\" height=\"531\" src=\"https:\/\/ple113.poznan.pl\/wp-content\/uploads\/2025\/10\/296099461_5920474677982508_5127918808087449044_n.jpg\" alt=\"\" class=\"wp-image-5014\" style=\"width:584px;height:auto\" srcset=\"https:\/\/ple113.poznan.pl\/wp-content\/uploads\/2025\/10\/296099461_5920474677982508_5127918808087449044_n.jpg 945w, https:\/\/ple113.poznan.pl\/wp-content\/uploads\/2025\/10\/296099461_5920474677982508_5127918808087449044_n-300x169.jpg 300w, https:\/\/ple113.poznan.pl\/wp-content\/uploads\/2025\/10\/296099461_5920474677982508_5127918808087449044_n-768x432.jpg 768w\" sizes=\"(max-width: 945px) 100vw, 945px\" \/><\/figure>\n\n\n\n<p>To og\u00f3lnopolski projekt dla przedszkoli  kt\u00f3ry ma za zadanie: w spos\u00f3b \u0142agodny i przyjemny u\u0142atwi\u0107 maluchom adaptacj\u0119 do warunk\u00f3w przedszkolnych, zach\u0119ca\u0107 do samodzielnego si\u0119gania po literatur\u0119 dzieci\u0119c\u0105, i popularyzowa\u0107 czytelnictwo w\u015br\u00f3d najm\u0142odszych. <img decoding=\"async\" height=\"16\" width=\"16\" src=\"https:\/\/static.xx.fbcdn.net\/images\/emoji.php\/v9\/t94\/1\/16\/1f49a.png\" alt=\"\ud83d\udc9a\"><\/p>\n\n\n\n<p><strong>Z kultur\u0105 mi do twarzy-<\/strong><\/p>\n\n\n\n<figure class=\"wp-block-image size-large is-resized\"><img decoding=\"async\" width=\"1024\" height=\"1024\" src=\"https:\/\/ple113.poznan.pl\/wp-content\/uploads\/2025\/10\/549643151_1360664789402427_890248270795395207_n-1024x1024.jpg\" alt=\"\" class=\"wp-image-5015\" style=\"width:409px;height:auto\" srcset=\"https:\/\/ple113.poznan.pl\/wp-content\/uploads\/2025\/10\/549643151_1360664789402427_890248270795395207_n-1024x1024.jpg 1024w, https:\/\/ple113.poznan.pl\/wp-content\/uploads\/2025\/10\/549643151_1360664789402427_890248270795395207_n-300x300.jpg 300w, https:\/\/ple113.poznan.pl\/wp-content\/uploads\/2025\/10\/549643151_1360664789402427_890248270795395207_n-150x150.jpg 150w, https:\/\/ple113.poznan.pl\/wp-content\/uploads\/2025\/10\/549643151_1360664789402427_890248270795395207_n-768x768.jpg 768w, https:\/\/ple113.poznan.pl\/wp-content\/uploads\/2025\/10\/549643151_1360664789402427_890248270795395207_n.jpg 1080w\" sizes=\"(max-width: 1024px) 100vw, 1024px\" \/><\/figure>\n\n\n\n<p>Projekt ma na celu\u00a0\u00a0tworzenie sytuacji edukacyjnych buduj\u0105cych wra\u017cliwo\u015b\u0107 dziecka, w tym wra\u017cliwo\u015b\u0107 estetyczn\u0105, w odniesieniu do wielu sfer aktywno\u015bci cz\u0142owieka: mowy, zachowania, ruchu, \u015brodowiska, ubioru, muzyki, ta\u0144ca, \u015bpiewu, teatru, plastyki.\u00a0<\/p>\n\n\n\n<p><strong>Pi\u0119kna nasza Polska Ca\u0142a- <\/strong><\/p>\n\n\n\n<figure class=\"wp-block-image size-full is-resized\"><img loading=\"lazy\" decoding=\"async\" width=\"717\" height=\"389\" src=\"https:\/\/ple113.poznan.pl\/wp-content\/uploads\/2025\/10\/546592360_9370425509749369_5540300572257601316_n.jpg\" alt=\"\" class=\"wp-image-5009\" style=\"width:606px;height:auto\" srcset=\"https:\/\/ple113.poznan.pl\/wp-content\/uploads\/2025\/10\/546592360_9370425509749369_5540300572257601316_n.jpg 717w, https:\/\/ple113.poznan.pl\/wp-content\/uploads\/2025\/10\/546592360_9370425509749369_5540300572257601316_n-300x163.jpg 300w\" sizes=\"(max-width: 717px) 100vw, 717px\" \/><\/figure>\n\n\n\n<p>Mi\u0119dzynarodowy Projekt Edukacyjny \u201ePi\u0119kna Nasza Polska Ca\u0142a\u201d ma na celu\u00a0kszta\u0142towanie postaw patriotycznych, to\u017csamo\u015bci narodowej oraz szacunku do folkloru i tradycji Polski u dzieci i m\u0142odzie\u017cy. Projekt uwra\u017cliwia na pi\u0119kno kraju, integruje plac\u00f3wki o\u015bwiatowe oraz wzmacnia poczucie dumy z bycia Polakiem.\u00a0<\/p>\n\n\n\n<p><strong>Ma\u0142y mi\u015b w \u015bwiecie wielkiej literatury- <\/strong><\/p>\n\n\n\n<figure class=\"wp-block-image size-full is-resized\"><img loading=\"lazy\" decoding=\"async\" width=\"286\" height=\"307\" src=\"https:\/\/ple113.poznan.pl\/wp-content\/uploads\/2025\/10\/image.png\" alt=\"\" class=\"wp-image-5010\" style=\"width:315px;height:auto\" srcset=\"https:\/\/ple113.poznan.pl\/wp-content\/uploads\/2025\/10\/image.png 286w, https:\/\/ple113.poznan.pl\/wp-content\/uploads\/2025\/10\/image-279x300.png 279w\" sizes=\"(max-width: 286px) 100vw, 286px\" \/><\/figure>\n\n\n\n<p>Cele projektu \u201eMa\u0142y Mi\u015b w \u015bwiecie wielkiej literatury\u201d to g\u0142\u00f3wnie\u00a0rozwijanie i promowanie czytelnictwa w\u015br\u00f3d dzieci, budowanie nawyk\u00f3w czytelniczych, zach\u0119canie rodzic\u00f3w do wsp\u00f3lnego czytania, wprowadzanie w \u015bwiat warto\u015bci moralnych przez literatur\u0119 oraz kszta\u0142towanie kluczowych kompetencji (kreatywno\u015b\u0107, samodzielno\u015b\u0107) i postaw (patriotyzm, zdrowie) poprzez r\u00f3\u017cnorodne aktywno\u015bci z maskotk\u0105 misia<\/p>\n\n\n\n<p><strong>#20 minut dla matematyki- <\/strong><\/p>\n\n\n\n<figure class=\"wp-block-image size-large is-resized\"><img loading=\"lazy\" decoding=\"async\" width=\"1024\" height=\"384\" src=\"https:\/\/ple113.poznan.pl\/wp-content\/uploads\/2025\/10\/08b8aa58-00f5-11ea-89d3-525400d183e6_hd_20-minut-logo-1024x384.jpg\" alt=\"\" class=\"wp-image-5011\" style=\"width:757px;height:auto\" srcset=\"https:\/\/ple113.poznan.pl\/wp-content\/uploads\/2025\/10\/08b8aa58-00f5-11ea-89d3-525400d183e6_hd_20-minut-logo-1024x384.jpg 1024w, https:\/\/ple113.poznan.pl\/wp-content\/uploads\/2025\/10\/08b8aa58-00f5-11ea-89d3-525400d183e6_hd_20-minut-logo-300x113.jpg 300w, https:\/\/ple113.poznan.pl\/wp-content\/uploads\/2025\/10\/08b8aa58-00f5-11ea-89d3-525400d183e6_hd_20-minut-logo-768x288.jpg 768w, https:\/\/ple113.poznan.pl\/wp-content\/uploads\/2025\/10\/08b8aa58-00f5-11ea-89d3-525400d183e6_hd_20-minut-logo-1536x576.jpg 1536w, https:\/\/ple113.poznan.pl\/wp-content\/uploads\/2025\/10\/08b8aa58-00f5-11ea-89d3-525400d183e6_hd_20-minut-logo.jpg 1920w\" sizes=\"(max-width: 1024px) 100vw, 1024px\" \/><\/figure>\n\n\n\n<p>Projekt\u00a0<strong>#20minutdlaMATEMATYKI<\/strong>\u00a0(autorstwa Zuzanny Jastrz\u0119bskiej-Krajewskiej) ma na celu\u00a0wprowadzenie efektywnych zmian w edukacji matematycznej dzieci w przedszkolu i wczesnej szkole, opieraj\u0105c si\u0119 na koncepcji \u201eDzieci\u0119cej Matematyki\u201d prof. E. Gruszczyk-Kolczy\u0144skiej. G\u0142\u00f3wne za\u0142o\u017cenia to codzienne, kr\u00f3tkie (20 min) zabawy matematyczne, anga\u017cowanie rodzic\u00f3w oraz rozwijanie logicznego my\u015blenia poprzez do\u015bwiadczanie.\u00a0<\/p>\n\n\n\n<p><strong>Mali Polacy i Wielcy Rodacy- <\/strong><\/p>\n\n\n\n<figure class=\"wp-block-image size-full is-resized\"><img loading=\"lazy\" decoding=\"async\" width=\"768\" height=\"432\" src=\"https:\/\/ple113.poznan.pl\/wp-content\/uploads\/2025\/10\/proxy-768x432-1.png\" alt=\"\" class=\"wp-image-5012\" style=\"width:459px;height:auto\" srcset=\"https:\/\/ple113.poznan.pl\/wp-content\/uploads\/2025\/10\/proxy-768x432-1.png 768w, https:\/\/ple113.poznan.pl\/wp-content\/uploads\/2025\/10\/proxy-768x432-1-300x169.png 300w\" sizes=\"(max-width: 768px) 100vw, 768px\" \/><\/figure>\n\n\n\n<p>Og\u00f3lnopolski Projekt Edukacyjny\u00a0<strong>\u201eMali Polacy i Wielcy Rodacy\u201d<\/strong>\u00a0(cz\u0119sto realizowany we wsp\u00f3\u0142pracy z Froebel.pl) to inicjatywa skierowana do przedszkoli i klas 1-3 szk\u00f3\u0142 podstawowych, skupiaj\u0105ca si\u0119 na przybli\u017caniu dzieciom sylwetek wybitnych Polak\u00f3w.\u00a0<\/p>\n\n\n\n<p><strong>Z Polskimi legendami przez Polsk\u0119<\/strong><\/p>\n\n\n\n<p>Projekt edukacyjny \u201eZ polskimi legendami przez Polsk\u0119\u201d to doskona\u0142y spos\u00f3b na\u00a0po\u0142\u0105czenie nauki z zabaw\u0105, rozwijanie patriotyzmu oraz poznawanie kultury i geografii kraju. Legendy stanowi\u0105 atrakcyjn\u0105, literack\u0105 form\u0119 przybli\u017cania dziej\u00f3w Polski, zach\u0119caj\u0105c dzieci do czytania i rozwijaj\u0105c ich wyobra\u017ani\u0119.\u00a0<\/p>\n\n\n\n<p><strong>Sk\u0105d si\u0119 bior\u0105 produkty ekologiczne- <\/strong><\/p>\n\n\n\n<figure class=\"wp-block-image size-large is-resized\"><img loading=\"lazy\" decoding=\"async\" width=\"1024\" height=\"432\" src=\"https:\/\/ple113.poznan.pl\/wp-content\/uploads\/2025\/10\/1460x616-1-1024x432.jpg\" alt=\"\" class=\"wp-image-5017\" style=\"width:711px;height:auto\" srcset=\"https:\/\/ple113.poznan.pl\/wp-content\/uploads\/2025\/10\/1460x616-1-1024x432.jpg 1024w, https:\/\/ple113.poznan.pl\/wp-content\/uploads\/2025\/10\/1460x616-1-300x127.jpg 300w, https:\/\/ple113.poznan.pl\/wp-content\/uploads\/2025\/10\/1460x616-1-768x324.jpg 768w, https:\/\/ple113.poznan.pl\/wp-content\/uploads\/2025\/10\/1460x616-1.jpg 1460w\" sizes=\"(max-width: 1024px) 100vw, 1024px\" \/><\/figure>\n\n\n\n<p>G\u0142\u00f3wnym celem og\u00f3lnopolskiego programu edukacyjnego \u201eSk\u0105d si\u0119 bior\u0105 produkty ekologiczne\u201d (skierowanego do przedszkolak\u00f3w) jest\u00a0zwi\u0119kszenie wiedzy na temat rolnictwa ekologicznego oraz budowanie w\u0142a\u015bciwych nawyk\u00f3w \u017cywieniowych od najm\u0142odszych lat. Program uczy dzieci, jak powstaje \u017cywno\u015b\u0107 ekologiczna, promuje zdrowy styl \u017cycia oraz kszta\u0142tuje umiej\u0119tno\u015bci wyboru zdrowych produkt\u00f3w.\u00a0<\/p>\n","protected":false},"excerpt":{"rendered":"<p>Projekty edukacyjne w kt\u00f3rych bierzemy udzia\u0142 : Z Kici\u0105 Koci\u0105 maluchy zmieniaj\u0105 si\u0119 w zuchy- To og\u00f3lnopolski projekt dla przedszkoli kt\u00f3ry ma za zadanie: w spos\u00f3b \u0142agodny i przyjemny u\u0142atwi\u0107 maluchom adaptacj\u0119 do warunk\u00f3w przedszkolnych, zach\u0119ca\u0107 do samodzielnego si\u0119gania po literatur\u0119 dzieci\u0119c\u0105, i popularyzowa\u0107 czytelnictwo w\u015br\u00f3d najm\u0142odszych. Z kultur\u0105 mi do twarzy- Projekt ma na [&hellip;]<\/p>\n","protected":false},"author":2,"featured_media":0,"parent":0,"menu_order":0,"comment_status":"closed","ping_status":"closed","template":"","meta":{"footnotes":""},"class_list":["post-3426","page","type-page","status-publish","hentry"],"_links":{"self":[{"href":"https:\/\/ple113.poznan.pl\/index.php\/wp-json\/wp\/v2\/pages\/3426","targetHints":{"allow":["GET"]}}],"collection":[{"href":"https:\/\/ple113.poznan.pl\/index.php\/wp-json\/wp\/v2\/pages"}],"about":[{"href":"https:\/\/ple113.poznan.pl\/index.php\/wp-json\/wp\/v2\/types\/page"}],"author":[{"embeddable":true,"href":"https:\/\/ple113.poznan.pl\/index.php\/wp-json\/wp\/v2\/users\/2"}],"replies":[{"embeddable":true,"href":"https:\/\/ple113.poznan.pl\/index.php\/wp-json\/wp\/v2\/comments?post=3426"}],"version-history":[{"count":17,"href":"https:\/\/ple113.poznan.pl\/index.php\/wp-json\/wp\/v2\/pages\/3426\/revisions"}],"predecessor-version":[{"id":5206,"href":"https:\/\/ple113.poznan.pl\/index.php\/wp-json\/wp\/v2\/pages\/3426\/revisions\/5206"}],"wp:attachment":[{"href":"https:\/\/ple113.poznan.pl\/index.php\/wp-json\/wp\/v2\/media?parent=3426"}],"curies":[{"name":"wp","href":"https:\/\/api.w.org\/{rel}","templated":true}]}}