{"id":5179,"date":"2026-02-09T21:01:42","date_gmt":"2026-02-09T20:01:42","guid":{"rendered":"https:\/\/ple113.poznan.pl\/?page_id=5179"},"modified":"2026-02-17T17:34:35","modified_gmt":"2026-02-17T16:34:35","slug":"pomoc-psychologiczno-pedagogiczna","status":"publish","type":"page","link":"https:\/\/ple113.poznan.pl\/index.php\/pomoc-psychologiczno-pedagogiczna\/","title":{"rendered":"Pomoc Psychologiczno-Pedagogiczna"},"content":{"rendered":"\n<p><strong>Pedagog specjalny<\/strong> &#8211;  Jolanta Bieniek<\/p>\n\n\n\n<p><strong>Psycholog<\/strong> &#8211;  Dorota Wiatr<\/p>\n\n\n\n<p><strong>Logopeda<\/strong> &#8211;  Gra\u017cyna Wi\u015bniewska<\/p>\n\n\n\n<p><strong>Terapeuta pedagogiczny<\/strong> &#8211;  Natalia Jezierna<\/p>\n\n\n\n<p><strong>Nauczyciel wsp\u00f3\u0142organizuj\u0105cy<\/strong> &#8211; Justyna Brz\u00f3stowicz<\/p>\n\n\n\n<p><\/p>\n\n\n\n<p><\/p>\n\n\n\n<p><\/p>\n\n\n\n<p><\/p>\n\n\n\n<p><\/p>\n\n\n\n<p><\/p>\n\n\n\n<p><\/p>\n","protected":false},"excerpt":{"rendered":"<p>Pedagog specjalny &#8211; Jolanta Bieniek Psycholog &#8211; Dorota Wiatr Logopeda &#8211; Gra\u017cyna Wi\u015bniewska Terapeuta pedagogiczny &#8211; Natalia Jezierna Nauczyciel wsp\u00f3\u0142organizuj\u0105cy &#8211; Justyna Brz\u00f3stowicz<\/p>\n","protected":false},"author":2,"featured_media":0,"parent":0,"menu_order":0,"comment_status":"closed","ping_status":"closed","template":"","meta":{"footnotes":""},"class_list":["post-5179","page","type-page","status-publish","hentry"],"_links":{"self":[{"href":"https:\/\/ple113.poznan.pl\/index.php\/wp-json\/wp\/v2\/pages\/5179","targetHints":{"allow":["GET"]}}],"collection":[{"href":"https:\/\/ple113.poznan.pl\/index.php\/wp-json\/wp\/v2\/pages"}],"about":[{"href":"https:\/\/ple113.poznan.pl\/index.php\/wp-json\/wp\/v2\/types\/page"}],"author":[{"embeddable":true,"href":"https:\/\/ple113.poznan.pl\/index.php\/wp-json\/wp\/v2\/users\/2"}],"replies":[{"embeddable":true,"href":"https:\/\/ple113.poznan.pl\/index.php\/wp-json\/wp\/v2\/comments?post=5179"}],"version-history":[{"count":11,"href":"https:\/\/ple113.poznan.pl\/index.php\/wp-json\/wp\/v2\/pages\/5179\/revisions"}],"predecessor-version":[{"id":5302,"href":"https:\/\/ple113.poznan.pl\/index.php\/wp-json\/wp\/v2\/pages\/5179\/revisions\/5302"}],"wp:attachment":[{"href":"https:\/\/ple113.poznan.pl\/index.php\/wp-json\/wp\/v2\/media?parent=5179"}],"curies":[{"name":"wp","href":"https:\/\/api.w.org\/{rel}","templated":true}]}}