{"id":617,"date":"2021-02-18T15:00:24","date_gmt":"2021-02-18T14:00:24","guid":{"rendered":"https:\/\/ple113.poznan.pl\/?page_id=617"},"modified":"2026-05-04T14:15:28","modified_gmt":"2026-05-04T12:15:28","slug":"jadlospis","status":"publish","type":"page","link":"https:\/\/ple113.poznan.pl\/index.php\/jadlospis\/","title":{"rendered":"Jad\u0142ospis- dobre smaki ka\u017cdego dnia"},"content":{"rendered":"\n<figure class=\"wp-block-table\"><table class=\"has-fixed-layout\"><tbody><tr><td><strong><em>I \u015aniadanie<\/em><\/strong><\/td><td><strong><em>II \u015aniadanie<\/em><\/strong><\/td><td><strong><em>Obiad<\/em><\/strong><\/td><\/tr><tr><td><strong>Poniedzia\u0142ek 04.05<\/strong> Kanapki Zr\u00f3b to sam! Pieczywo pszenno-\u017cytnie, pieczywo graham, mas\u0142o, pasta z tu\u0144czyka i zielonego groszku, szynka gotowana, og\u00f3rek kiszony, rzodkiewki, roszponka, herbata malinowa, mleko<\/td><td>Deser pa\u0144 kucharek Kisiel z jab\u0142kiem, kalarepka s\u0142upki, herbata mi\u0119towa<\/td><td>Zupa og\u00f3rkowa Pyry z gzikiem, gruszka, kompot wieloowocowy<\/td><\/tr><tr><td><em>Alergeny: gluten, ryba, mleko<\/em> <em>i produkty pochodne<\/em><\/td><td><em>gluten<\/em> &nbsp;<\/td><td><em>gluten, seler, mleko<\/em> <em>i produkty pochodne<\/em><\/td><\/tr><tr><td><strong>Wtorek 05.05<\/strong> Kanapki Zr\u00f3b to sam! &nbsp;Pieczywo pszenno-\u017cytnie, pieczywo razowe z ziarnami, mas\u0142o, pol\u0119dwica drobiowa, ser kozi, pomidor, papryka \u017c\u00f3\u0142ta, kie\u0142ki, herbata czarna z cytryn\u0105<\/td><td>Zdrowy pucharek Jogurt grecki brzoskwiniowy, rurka, herbata wieloowocowa &nbsp;<\/td><td>Barszcz z makaronem Kotlet schabowy z ziemniakami z koperkiem i gotowan\u0105 kiszon\u0105 kapust\u0105, mandarynka, kompot z \u015bliwek \u00a0<\/td><\/tr><tr><td><em>Alergeny: gluten, mleko<\/em> <em>i produkty pochodne<\/em><\/td><td><em>gluten, mleko<\/em> <em>i produkty pochodne,<\/em><\/td><td><em>gluten, seler, jajko, mleko,<\/em> <em>i produkty pochodne<\/em><\/td><\/tr><tr><td><strong>\u015aroda 06.05<\/strong> Kanapki Zr\u00f3b to sam! Pieczywo pszenno-\u017cytnie, pieczywo graham, mas\u0142o, ser \u017c\u00f3\u0142ty, szynka z li\u015bciem, rzodkiewki, og\u00f3rek zielony, sa\u0142ata lodowa, herbata z pigwy<\/td><td>Zak\u0105tek smakosza Jajecznica z koperkiem, pieczywo graham, mas\u0142o<strong>, <\/strong>og\u00f3rek ma\u0142osolny<strong>, <\/strong>kakao<\/td><td>Zupa pomidorowa z ry\u017cem Plendze z cukrem i kwa\u015bn\u0105 \u015bmietan\u0105, truskawki liofilizowane, kompot z jab\u0142ek<\/td><\/tr><tr><td><em>Alergeny: gluten, mleko<\/em> <em>i produkty pochodne<\/em><\/td><td><em>gluten, mleko, jajko,<\/em> <em>i produkty pochodne<\/em><\/td><td><em>gluten, seler, mleko, jajko,&nbsp;<\/em> <em>i produkty pochodne<\/em><\/td><\/tr><tr><td><strong>Czwartek 07.05<\/strong> Kanapki Zr\u00f3b to sam! Pieczywo pszenno-\u017cytnie, pieczywo razowe z ziarnami, mas\u0142o, salami, pasta z gotowanych warzyw, og\u00f3rek kiszony, cykoria, papryka czerwona, herbata z dzikiej r\u00f3\u017cy<\/td><td>Wspomnienie dzieci\u0144stwa Ry\u017c na mleku z jab\u0142kiem &nbsp;i cynamonem, marchewka, herbata z pigwy<\/td><td>Ogrodowa zupa jarzynowa Sznycelki mielone drobiowe z pieca z kasz\u0105 bulgur i szabelkiem, &nbsp;melon, kompot z owoc\u00f3w le\u015bnych<\/td><\/tr><tr><td><em>Alergeny: gluten, mleko<\/em> <em>i produkty pochodne<\/em><\/td><td><em>gluten, mleko,<\/em> <em>i produkty pochodne<\/em><\/td><td><em>gluten, seler, jajko, mleko,<\/em> <em>i produkty pochodne<\/em><\/td><\/tr><tr><td><strong>Pi\u0105tek 08.05<\/strong> Kanapki Zr\u00f3b to sam! Pieczywo pszenno-\u017cytnie, pieczywo graham, mas\u0142o, konfitura, dziadkowy schab, pomidor, sa\u0142ata rzymska, kie\u0142ki, herbata malinowa A na drugi z\u0105b: owsianka na mleku<\/td><td>Szwedzki st\u00f3\u0142 Sa\u0142atka makaronowa &nbsp;z szynk\u0105, kukurydz\u0105 i og\u00f3rkiem kiszonym, chrupkie pieczywo, mas\u0142o, herbata mi\u0119towa<\/td><td>Krem cebulowy z grzankami Pyzy z sosem my\u015bliwskim, og\u00f3rek zielony, dziki sok <em>Eliksir Elf\u00f3w<\/em>, czyli t\u0142oczone na zimno jab\u0142ko, gruszka, czerwona porzeczka<\/td><\/tr><tr><td><em>Alergeny: gluten, mleko<\/em> <em>i produkty pochodne,<\/em><\/td><td><em>gluten, mleko,<\/em> <em>i produkty pochodne,<\/em><\/td><td><em>gluten, seler,mleko,<\/em> <em>i produkty pochodne<\/em><\/td><\/tr><\/tbody><\/table><\/figure>\n\n\n\n<p><strong>Menu &#8211; Dni regionalne<\/strong><\/p>\n\n\n\n<p><strong>Woda mineralna dost\u0119pna jest przez ca\u0142y dzie\u0144 pobytu dzieci w przedszkolu. Przedszkole zastrzega sobie prawo do zmian w <\/strong><strong>jad\u0142ospisie<\/strong><\/p>\n\n\n\n<figure class=\"wp-block-table\"><table class=\"has-fixed-layout\"><tbody><tr><td><strong><em>I \u015aniadanie<\/em><\/strong><\/td><td><strong><em>II \u015aniadanie<\/em><\/strong><\/td><td><strong><em>Obiad<\/em><\/strong><\/td><td><\/td><\/tr><tr><td><strong>Poniedzia\u0142ek 27.04<\/strong> Kanapki Zr\u00f3b to sam! Pieczywo pszenno-\u017cytnie, pieczywo graham, mas\u0142o, mozzarella, pol\u0119dwica drobiowa, pomidor malinowy, sa\u0142ata lodowa, kie\u0142ki, herbata z dzikiej r\u00f3\u017cy<\/td><td>Owocowa rado\u015b\u0107 Koktajl truskawkowo-bananowy na jogurcie naturalnym, wafle ry\u017cowe, herbata wieloowocowa<\/td><td>Krem marchewkowy z groszkiem ptysiowym Gulasz wieprzowy z kasz\u0105 j\u0119czmienn\u0105 i sur\u00f3wk\u0105 z kapusty peki\u0144skiej, kukurydzy oraz rzodkiewki, kompot wieloowocowy<\/td><td><\/td><\/tr><tr><td><em>Alergeny: gluten, mleko<\/em> <em>i produkty pochodne,<\/em><\/td><td><em>gluten, mleko<\/em> <em>i produkty pochodne<\/em><\/td><td><em>gluten, seler, mleko<\/em> <em>i produkty pochodne<\/em><\/td><td><\/td><\/tr><tr><td><strong>Wtorek 28.04<\/strong> Kanapki Zr\u00f3b to sam! Pieczywo pszenno-\u017cytnie, pieczywo razowe z ziarnami, mas\u0142o, pasta jajeczna &nbsp;ze szczypiorkiem, szynka z kot\u0142a, sa\u0142ata mas\u0142owa, bia\u0142a rzodkiew, papryka czerwona , herbata malinowa, mleko<\/td><td>Bufecik na ciep\u0142o Kie\u0142baski na ciep\u0142o, ketchup, bu\u0142ka kajzerka, mas\u0142o, jab\u0142ko, herbata z owoc\u00f3w le\u015bnych &nbsp;<\/td><td>&nbsp; Delikatna zupa koperkowa Racuszki dro\u017cd\u017cowe z malinami, og\u00f3rek zielony do pochrupania, kompot ze \u015bliwek &nbsp;<\/td><td><\/td><\/tr><tr><td><em>Alergeny: gluten, jajko, mleko<\/em> <em>i produkty pochodne<\/em><\/td><td><em>gluten, mleko<\/em> <em>i produkty pochodne,<\/em><\/td><td><em>gluten, seler, jajko, mleko,<\/em> <em>i produkty pochodne<\/em><\/td><td><\/td><\/tr><tr><td><strong>\u015aroda 29.04<\/strong> Kanapki Zr\u00f3b to sam! Pieczywo pszenno-\u017cytnie, pieczywo graham, mas\u0142o, szynka Babuni, serek \u015bmietankowy, kie\u0142ki, pomidor malinowy, suszone owoce,&nbsp; herbata mi\u0119towa<\/td><td>S\u0142odkie co nieco Budy\u0144 czekoladowy, gruszka, kalarepka, herbata z dzikiej r\u00f3\u017cy<\/td><td>Zupa kalafiorowo- broku\u0142owa Klasyczne pulpeciki drobiowe w sosie pomidorowym z ziemniakami i marchewk\u0105 z groszkiem, melon, kompot z jab\u0142ek<\/td><td><\/td><\/tr><tr><td><em>Alergeny: gluten, mleko<\/em> <em>i produkty pochodne<\/em><\/td><td><em>gluten, mleko,<\/em> <em>i produkty pochodne<\/em><\/td><td><em>gluten, seler, jajko, mleko,<\/em> <em>i produkty pochodne<\/em><\/td><td><\/td><\/tr><tr><td><strong>Czwartek 30.04<\/strong> Kanapki Zr\u00f3b to sam! Pieczywo pszenno-\u017cytnie, pieczywo razowe z ziarnami, mas\u0142o, ser \u017c\u00f3\u0142ty, domowa pasta z makreli, og\u00f3rek zielony, sa\u0142ata rzymska, papryka kolorowa, herbata czarna z cytryn\u0105, mleko<\/td><td>Talerz witamin, czyli pomidor, roszponka, rzodkiewki, og\u00f3rek kiszony, chrupkie pieczywo, mas\u0142o, herbata malinowa<\/td><td>Zupa jarzynowa jak u babci Makaron carbonara, mandarynka, kompot z owoc\u00f3w le\u015bnych<\/td><td><\/td><\/tr><tr><td><em>Alergeny: gluten, mleko<\/em> <em>i produkty pochodne, ryba<\/em><\/td><td><em>gluten, mleko<\/em> <em>i produkty pochodne<\/em><\/td><td><em>gluten, seler, mleko,<\/em> <em>i produkty pochodne,<\/em><\/td><td><\/td><\/tr><tr><td colspan=\"3\" rowspan=\"2\">Udanej maj\u00f3wki!<\/td><td><\/td><\/tr><tr><td><\/td><\/tr><\/tbody><\/table><\/figure>\n\n\n\n<p><strong>Woda mineralna dost\u0119pna jest przez ca\u0142y dzie\u0144 pobytu dzieci w przedszkolu.&nbsp; Przedszkole zastrzega sobie prawo do zmian w jad\u0142ospisie<\/strong><\/p>\n\n\n\n<figure class=\"wp-block-gallery has-nested-images columns-default is-cropped wp-block-gallery-1 is-layout-flex wp-block-gallery-is-layout-flex\">\n<figure class=\"wp-block-image size-full\"><img fetchpriority=\"high\" decoding=\"async\" width=\"2048\" height=\"1365\" data-id=\"4858\" src=\"https:\/\/ple113.poznan.pl\/wp-content\/uploads\/2025\/05\/22316483-e62d-429a-8cf8-bc37a4098d03.jpg\" alt=\"\" class=\"wp-image-4858\" srcset=\"https:\/\/ple113.poznan.pl\/wp-content\/uploads\/2025\/05\/22316483-e62d-429a-8cf8-bc37a4098d03.jpg 2048w, https:\/\/ple113.poznan.pl\/wp-content\/uploads\/2025\/05\/22316483-e62d-429a-8cf8-bc37a4098d03-300x200.jpg 300w, https:\/\/ple113.poznan.pl\/wp-content\/uploads\/2025\/05\/22316483-e62d-429a-8cf8-bc37a4098d03-1024x683.jpg 1024w, https:\/\/ple113.poznan.pl\/wp-content\/uploads\/2025\/05\/22316483-e62d-429a-8cf8-bc37a4098d03-768x512.jpg 768w, https:\/\/ple113.poznan.pl\/wp-content\/uploads\/2025\/05\/22316483-e62d-429a-8cf8-bc37a4098d03-1536x1024.jpg 1536w\" sizes=\"(max-width: 2048px) 100vw, 2048px\" \/><\/figure>\n\n\n\n<figure class=\"wp-block-image size-full\"><img decoding=\"async\" width=\"2048\" height=\"1536\" data-id=\"4756\" src=\"https:\/\/ple113.poznan.pl\/wp-content\/uploads\/2025\/03\/8686d81f-b862-440f-8a72-b3361688a92f.jpeg\" alt=\"\" class=\"wp-image-4756\" srcset=\"https:\/\/ple113.poznan.pl\/wp-content\/uploads\/2025\/03\/8686d81f-b862-440f-8a72-b3361688a92f.jpeg 2048w, https:\/\/ple113.poznan.pl\/wp-content\/uploads\/2025\/03\/8686d81f-b862-440f-8a72-b3361688a92f-300x225.jpeg 300w, https:\/\/ple113.poznan.pl\/wp-content\/uploads\/2025\/03\/8686d81f-b862-440f-8a72-b3361688a92f-1024x768.jpeg 1024w, https:\/\/ple113.poznan.pl\/wp-content\/uploads\/2025\/03\/8686d81f-b862-440f-8a72-b3361688a92f-768x576.jpeg 768w, https:\/\/ple113.poznan.pl\/wp-content\/uploads\/2025\/03\/8686d81f-b862-440f-8a72-b3361688a92f-1536x1152.jpeg 1536w\" sizes=\"(max-width: 2048px) 100vw, 2048px\" \/><\/figure>\n\n\n\n<figure class=\"wp-block-image size-full\"><img decoding=\"async\" width=\"2560\" height=\"1711\" data-id=\"4707\" src=\"https:\/\/ple113.poznan.pl\/wp-content\/uploads\/2025\/03\/DSC_4953-scaled.jpg\" alt=\"\" class=\"wp-image-4707\" srcset=\"https:\/\/ple113.poznan.pl\/wp-content\/uploads\/2025\/03\/DSC_4953-scaled.jpg 2560w, https:\/\/ple113.poznan.pl\/wp-content\/uploads\/2025\/03\/DSC_4953-300x201.jpg 300w, https:\/\/ple113.poznan.pl\/wp-content\/uploads\/2025\/03\/DSC_4953-1024x684.jpg 1024w, https:\/\/ple113.poznan.pl\/wp-content\/uploads\/2025\/03\/DSC_4953-768x513.jpg 768w, https:\/\/ple113.poznan.pl\/wp-content\/uploads\/2025\/03\/DSC_4953-1536x1027.jpg 1536w, https:\/\/ple113.poznan.pl\/wp-content\/uploads\/2025\/03\/DSC_4953-2048x1369.jpg 2048w\" sizes=\"(max-width: 2560px) 100vw, 2560px\" \/><\/figure>\n\n\n\n<figure class=\"wp-block-image size-full\"><img loading=\"lazy\" decoding=\"async\" width=\"2560\" height=\"1711\" data-id=\"4708\" src=\"https:\/\/ple113.poznan.pl\/wp-content\/uploads\/2025\/03\/DSC_4957-scaled.jpg\" alt=\"\" class=\"wp-image-4708\" srcset=\"https:\/\/ple113.poznan.pl\/wp-content\/uploads\/2025\/03\/DSC_4957-scaled.jpg 2560w, https:\/\/ple113.poznan.pl\/wp-content\/uploads\/2025\/03\/DSC_4957-300x201.jpg 300w, https:\/\/ple113.poznan.pl\/wp-content\/uploads\/2025\/03\/DSC_4957-1024x684.jpg 1024w, https:\/\/ple113.poznan.pl\/wp-content\/uploads\/2025\/03\/DSC_4957-768x513.jpg 768w, https:\/\/ple113.poznan.pl\/wp-content\/uploads\/2025\/03\/DSC_4957-1536x1027.jpg 1536w, https:\/\/ple113.poznan.pl\/wp-content\/uploads\/2025\/03\/DSC_4957-2048x1369.jpg 2048w\" sizes=\"(max-width: 2560px) 100vw, 2560px\" \/><\/figure>\n\n\n\n<figure class=\"wp-block-image size-full\"><img loading=\"lazy\" decoding=\"async\" width=\"1536\" height=\"2048\" data-id=\"4791\" src=\"https:\/\/ple113.poznan.pl\/wp-content\/uploads\/2025\/04\/f4b0c025-3cfe-44ea-82a0-b57f4d974f7f.jpg\" alt=\"\" class=\"wp-image-4791\" srcset=\"https:\/\/ple113.poznan.pl\/wp-content\/uploads\/2025\/04\/f4b0c025-3cfe-44ea-82a0-b57f4d974f7f.jpg 1536w, https:\/\/ple113.poznan.pl\/wp-content\/uploads\/2025\/04\/f4b0c025-3cfe-44ea-82a0-b57f4d974f7f-225x300.jpg 225w, https:\/\/ple113.poznan.pl\/wp-content\/uploads\/2025\/04\/f4b0c025-3cfe-44ea-82a0-b57f4d974f7f-768x1024.jpg 768w, https:\/\/ple113.poznan.pl\/wp-content\/uploads\/2025\/04\/f4b0c025-3cfe-44ea-82a0-b57f4d974f7f-1152x1536.jpg 1152w\" sizes=\"(max-width: 1536px) 100vw, 1536px\" \/><\/figure>\n\n\n\n<figure class=\"wp-block-image size-full\"><img loading=\"lazy\" decoding=\"async\" width=\"2048\" height=\"1536\" data-id=\"5174\" src=\"https:\/\/ple113.poznan.pl\/wp-content\/uploads\/2026\/02\/0744b925-76f1-43b8-a9b2-e7babcc396c4.jpg\" alt=\"\" class=\"wp-image-5174\" srcset=\"https:\/\/ple113.poznan.pl\/wp-content\/uploads\/2026\/02\/0744b925-76f1-43b8-a9b2-e7babcc396c4.jpg 2048w, https:\/\/ple113.poznan.pl\/wp-content\/uploads\/2026\/02\/0744b925-76f1-43b8-a9b2-e7babcc396c4-300x225.jpg 300w, https:\/\/ple113.poznan.pl\/wp-content\/uploads\/2026\/02\/0744b925-76f1-43b8-a9b2-e7babcc396c4-1024x768.jpg 1024w, https:\/\/ple113.poznan.pl\/wp-content\/uploads\/2026\/02\/0744b925-76f1-43b8-a9b2-e7babcc396c4-768x576.jpg 768w, https:\/\/ple113.poznan.pl\/wp-content\/uploads\/2026\/02\/0744b925-76f1-43b8-a9b2-e7babcc396c4-1536x1152.jpg 1536w\" sizes=\"(max-width: 2048px) 100vw, 2048px\" \/><\/figure>\n<\/figure>\n\n\n\n<figure class=\"wp-block-gallery has-nested-images columns-default is-cropped wp-block-gallery-2 is-layout-flex wp-block-gallery-is-layout-flex\">\n<figure class=\"wp-block-image size-large\"><img loading=\"lazy\" decoding=\"async\" width=\"1024\" height=\"684\" data-id=\"4750\" src=\"https:\/\/ple113.poznan.pl\/wp-content\/uploads\/2025\/03\/DSC_4978-1-1024x684.jpg\" alt=\"\" class=\"wp-image-4750\" srcset=\"https:\/\/ple113.poznan.pl\/wp-content\/uploads\/2025\/03\/DSC_4978-1-1024x684.jpg 1024w, https:\/\/ple113.poznan.pl\/wp-content\/uploads\/2025\/03\/DSC_4978-1-300x201.jpg 300w, https:\/\/ple113.poznan.pl\/wp-content\/uploads\/2025\/03\/DSC_4978-1-768x513.jpg 768w, https:\/\/ple113.poznan.pl\/wp-content\/uploads\/2025\/03\/DSC_4978-1-1536x1027.jpg 1536w, https:\/\/ple113.poznan.pl\/wp-content\/uploads\/2025\/03\/DSC_4978-1-2048x1369.jpg 2048w\" sizes=\"(max-width: 1024px) 100vw, 1024px\" \/><\/figure>\n\n\n\n<figure class=\"wp-block-image size-large\"><img loading=\"lazy\" decoding=\"async\" width=\"768\" height=\"1024\" data-id=\"5460\" src=\"https:\/\/ple113.poznan.pl\/wp-content\/uploads\/2026\/03\/20260306_105007-768x1024.jpg\" alt=\"\" class=\"wp-image-5460\" srcset=\"https:\/\/ple113.poznan.pl\/wp-content\/uploads\/2026\/03\/20260306_105007-768x1024.jpg 768w, https:\/\/ple113.poznan.pl\/wp-content\/uploads\/2026\/03\/20260306_105007-225x300.jpg 225w, https:\/\/ple113.poznan.pl\/wp-content\/uploads\/2026\/03\/20260306_105007-1152x1536.jpg 1152w, https:\/\/ple113.poznan.pl\/wp-content\/uploads\/2026\/03\/20260306_105007-1536x2048.jpg 1536w, https:\/\/ple113.poznan.pl\/wp-content\/uploads\/2026\/03\/20260306_105007-scaled.jpg 1920w\" sizes=\"(max-width: 768px) 100vw, 768px\" \/><\/figure>\n\n\n\n<figure class=\"wp-block-image size-large\"><img loading=\"lazy\" decoding=\"async\" width=\"768\" height=\"1024\" data-id=\"5483\" src=\"https:\/\/ple113.poznan.pl\/wp-content\/uploads\/2026\/03\/20260313_111919-768x1024.jpg\" alt=\"\" class=\"wp-image-5483\" srcset=\"https:\/\/ple113.poznan.pl\/wp-content\/uploads\/2026\/03\/20260313_111919-768x1024.jpg 768w, https:\/\/ple113.poznan.pl\/wp-content\/uploads\/2026\/03\/20260313_111919-225x300.jpg 225w, https:\/\/ple113.poznan.pl\/wp-content\/uploads\/2026\/03\/20260313_111919-1152x1536.jpg 1152w, https:\/\/ple113.poznan.pl\/wp-content\/uploads\/2026\/03\/20260313_111919-1536x2048.jpg 1536w, https:\/\/ple113.poznan.pl\/wp-content\/uploads\/2026\/03\/20260313_111919-scaled.jpg 1920w\" sizes=\"(max-width: 768px) 100vw, 768px\" \/><\/figure>\n<\/figure>\n\n\n\n<p><\/p>\n\n\n\n<figure class=\"wp-block-gallery has-nested-images columns-default is-cropped wp-block-gallery-3 is-layout-flex wp-block-gallery-is-layout-flex\">\n<figure data-wp-context=\"{&quot;imageId&quot;:&quot;69fea51d9aae5&quot;}\" data-wp-interactive=\"core\/image\" data-wp-key=\"69fea51d9aae5\" class=\"wp-block-image size-large wp-lightbox-container\"><img loading=\"lazy\" decoding=\"async\" width=\"768\" height=\"1024\" data-wp-class--hide=\"state.isContentHidden\" data-wp-class--show=\"state.isContentVisible\" data-wp-init=\"callbacks.setButtonStyles\" data-wp-on--click=\"actions.showLightbox\" data-wp-on--load=\"callbacks.setButtonStyles\" data-wp-on-window--resize=\"callbacks.setButtonStyles\" data-id=\"5555\" src=\"https:\/\/ple113.poznan.pl\/wp-content\/uploads\/2026\/04\/20260401_110324-768x1024.jpg\" alt=\"\" class=\"wp-image-5555\" srcset=\"https:\/\/ple113.poznan.pl\/wp-content\/uploads\/2026\/04\/20260401_110324-768x1024.jpg 768w, https:\/\/ple113.poznan.pl\/wp-content\/uploads\/2026\/04\/20260401_110324-225x300.jpg 225w, https:\/\/ple113.poznan.pl\/wp-content\/uploads\/2026\/04\/20260401_110324-1152x1536.jpg 1152w, https:\/\/ple113.poznan.pl\/wp-content\/uploads\/2026\/04\/20260401_110324-1536x2048.jpg 1536w, https:\/\/ple113.poznan.pl\/wp-content\/uploads\/2026\/04\/20260401_110324-scaled.jpg 1920w\" sizes=\"(max-width: 768px) 100vw, 768px\" \/><button\n\t\t\tclass=\"lightbox-trigger\"\n\t\t\ttype=\"button\"\n\t\t\taria-haspopup=\"dialog\"\n\t\t\taria-label=\"Powi\u0119ksz\"\n\t\t\tdata-wp-init=\"callbacks.initTriggerButton\"\n\t\t\tdata-wp-on--click=\"actions.showLightbox\"\n\t\t\tdata-wp-style--right=\"state.imageButtonRight\"\n\t\t\tdata-wp-style--top=\"state.imageButtonTop\"\n\t\t>\n\t\t\t<svg xmlns=\"http:\/\/www.w3.org\/2000\/svg\" width=\"12\" height=\"12\" fill=\"none\" viewBox=\"0 0 12 12\">\n\t\t\t\t<path fill=\"#fff\" d=\"M2 0a2 2 0 0 0-2 2v2h1.5V2a.5.5 0 0 1 .5-.5h2V0H2Zm2 10.5H2a.5.5 0 0 1-.5-.5V8H0v2a2 2 0 0 0 2 2h2v-1.5ZM8 12v-1.5h2a.5.5 0 0 0 .5-.5V8H12v2a2 2 0 0 1-2 2H8Zm2-12a2 2 0 0 1 2 2v2h-1.5V2a.5.5 0 0 0-.5-.5H8V0h2Z\" \/>\n\t\t\t<\/svg>\n\t\t<\/button><\/figure>\n\n\n\n<figure data-wp-context=\"{&quot;imageId&quot;:&quot;69fea51d9aedf&quot;}\" data-wp-interactive=\"core\/image\" data-wp-key=\"69fea51d9aedf\" class=\"wp-block-image size-large wp-lightbox-container\"><img loading=\"lazy\" decoding=\"async\" width=\"768\" height=\"1024\" data-wp-class--hide=\"state.isContentHidden\" data-wp-class--show=\"state.isContentVisible\" data-wp-init=\"callbacks.setButtonStyles\" data-wp-on--click=\"actions.showLightbox\" data-wp-on--load=\"callbacks.setButtonStyles\" data-wp-on-window--resize=\"callbacks.setButtonStyles\" data-id=\"5554\" src=\"https:\/\/ple113.poznan.pl\/wp-content\/uploads\/2026\/04\/20260401_111434-768x1024.jpg\" alt=\"\" class=\"wp-image-5554\" srcset=\"https:\/\/ple113.poznan.pl\/wp-content\/uploads\/2026\/04\/20260401_111434-768x1024.jpg 768w, https:\/\/ple113.poznan.pl\/wp-content\/uploads\/2026\/04\/20260401_111434-225x300.jpg 225w, https:\/\/ple113.poznan.pl\/wp-content\/uploads\/2026\/04\/20260401_111434-1152x1536.jpg 1152w, https:\/\/ple113.poznan.pl\/wp-content\/uploads\/2026\/04\/20260401_111434-1536x2048.jpg 1536w, https:\/\/ple113.poznan.pl\/wp-content\/uploads\/2026\/04\/20260401_111434-scaled.jpg 1920w\" sizes=\"(max-width: 768px) 100vw, 768px\" \/><button\n\t\t\tclass=\"lightbox-trigger\"\n\t\t\ttype=\"button\"\n\t\t\taria-haspopup=\"dialog\"\n\t\t\taria-label=\"Powi\u0119ksz\"\n\t\t\tdata-wp-init=\"callbacks.initTriggerButton\"\n\t\t\tdata-wp-on--click=\"actions.showLightbox\"\n\t\t\tdata-wp-style--right=\"state.imageButtonRight\"\n\t\t\tdata-wp-style--top=\"state.imageButtonTop\"\n\t\t>\n\t\t\t<svg xmlns=\"http:\/\/www.w3.org\/2000\/svg\" width=\"12\" height=\"12\" fill=\"none\" viewBox=\"0 0 12 12\">\n\t\t\t\t<path fill=\"#fff\" d=\"M2 0a2 2 0 0 0-2 2v2h1.5V2a.5.5 0 0 1 .5-.5h2V0H2Zm2 10.5H2a.5.5 0 0 1-.5-.5V8H0v2a2 2 0 0 0 2 2h2v-1.5ZM8 12v-1.5h2a.5.5 0 0 0 .5-.5V8H12v2a2 2 0 0 1-2 2H8Zm2-12a2 2 0 0 1 2 2v2h-1.5V2a.5.5 0 0 0-.5-.5H8V0h2Z\" \/>\n\t\t\t<\/svg>\n\t\t<\/button><\/figure>\n<\/figure>\n\n\n\n<p><\/p>\n\n\n\n<p><\/p>\n\n\n\n<p><\/p>\n\n\n\n<p><\/p>\n\n\n\n<p><\/p>\n\n\n\n<p><\/p>\n\n\n\n<p><\/p>\n\n\n\n<p><\/p>\n\n\n\n<p><\/p>\n\n\n\n<p><\/p>\n\n\n\n<p><\/p>\n\n\n\n<p><\/p>\n\n\n\n<p><\/p>\n\n\n\n<div class=\"wp-block-group is-layout-constrained wp-block-group-is-layout-constrained\">\n<div class=\"wp-block-columns is-layout-flex wp-container-core-columns-is-layout-28f84493 wp-block-columns-is-layout-flex\">\n<div class=\"wp-block-column is-layout-flow wp-block-column-is-layout-flow\" style=\"flex-basis:100%\"><\/div>\n<\/div>\n<\/div>\n\n\n\n<p><strong>&nbsp;&nbsp;&nbsp;&nbsp;&nbsp;&nbsp;<\/strong><\/p>\n\n\n\n<p><\/p>\n\n\n\n<p><\/p>\n\n\n\n<p><\/p>\n\n\n\n<p><\/p>\n\n\n\n<p><\/p>\n\n\n\n<p><\/p>\n\n\n\n<p><\/p>\n\n\n\n<p><\/p>\n\n\n\n<p><\/p>\n\n\n\n<p><\/p>\n\n\n\n<p><\/p>\n\n\n\n<p><\/p>\n\n\n\n<p><\/p>\n\n\n\n<p><\/p>\n\n\n\n<p><\/p>\n\n\n\n<p><\/p>\n\n\n\n<p><\/p>\n\n\n\n<p><\/p>\n\n\n\n<p><\/p>\n\n\n\n<p><\/p>\n\n\n\n<p><\/p>\n\n\n\n<p><\/p>\n\n\n\n<p><\/p>\n\n\n\n<p><\/p>\n\n\n\n<p><\/p>\n\n\n\n<p><\/p>\n\n\n\n<p><\/p>\n\n\n\n<p><\/p>\n\n\n\n<p><\/p>\n\n\n\n<p><\/p>\n\n\n\n<p><strong>&nbsp;&nbsp;&nbsp;&nbsp;&nbsp;&nbsp;&nbsp;&nbsp;&nbsp;&nbsp;&nbsp;&nbsp;&nbsp;&nbsp;&nbsp;&nbsp;&nbsp;&nbsp;&nbsp;<\/strong><\/p>\n\n\n\n<p><strong>&nbsp;&nbsp;&nbsp;&nbsp;&nbsp;&nbsp;&nbsp;&nbsp;&nbsp;<\/strong><\/p>\n\n\n\n<p><\/p>\n\n\n\n<p><strong>&nbsp;&nbsp;<\/strong><\/p>\n\n\n\n<p><strong>&nbsp;&nbsp;&nbsp;&nbsp;&nbsp;&nbsp;<\/strong><\/p>\n\n\n\n<p><strong>&nbsp;&nbsp;&nbsp;&nbsp;&nbsp;&nbsp;&nbsp;&nbsp;<\/strong><\/p>\n\n\n\n<p><strong>&nbsp;&nbsp;&nbsp;&nbsp;&nbsp;&nbsp;&nbsp;&nbsp;&nbsp;&nbsp;&nbsp;&nbsp;&nbsp;<\/strong><\/p>\n\n\n\n<p><strong>&nbsp;&nbsp;&nbsp;&nbsp;&nbsp;&nbsp;<\/strong><\/p>\n\n\n\n<p><strong>&nbsp;<\/strong><\/p>\n\n\n\n<p><strong>&nbsp;&nbsp;&nbsp;&nbsp;&nbsp;&nbsp;&nbsp;&nbsp;&nbsp;&nbsp;&nbsp;<\/strong><\/p>\n\n\n\n<p><strong>&nbsp;&nbsp;&nbsp;&nbsp;&nbsp;&nbsp;&nbsp;&nbsp;&nbsp;&nbsp;&nbsp;&nbsp;&nbsp;&nbsp;&nbsp;&nbsp;&nbsp;&nbsp;<\/strong><\/p>\n\n\n\n<p><strong>&nbsp;&nbsp;&nbsp;&nbsp;<\/strong><\/p>\n\n\n\n<p><strong>&nbsp;&nbsp;&nbsp;&nbsp;&nbsp;&nbsp;&nbsp;&nbsp;&nbsp;&nbsp;&nbsp;&nbsp;&nbsp;&nbsp;&nbsp;&nbsp;&nbsp;&nbsp;&nbsp;&nbsp;&nbsp;<\/strong><\/p>\n\n\n\n<p><strong>&nbsp;&nbsp;&nbsp;&nbsp;&nbsp;&nbsp;&nbsp;&nbsp;&nbsp;&nbsp;&nbsp;&nbsp;&nbsp;<\/strong><\/p>\n\n\n\n<p>&nbsp;&nbsp;&nbsp;&nbsp;&nbsp;&nbsp;&nbsp;&nbsp;&nbsp;&nbsp;&nbsp;&nbsp;&nbsp;&nbsp;&nbsp;&nbsp;&nbsp;&nbsp;&nbsp;&nbsp;&nbsp;&nbsp;&nbsp;&nbsp;&nbsp;&nbsp;&nbsp;<\/p>\n\n\n\n<p><strong>&nbsp;&nbsp;&nbsp;&nbsp;&nbsp;&nbsp;&nbsp;&nbsp;&nbsp;&nbsp;&nbsp;&nbsp;&nbsp;&nbsp;&nbsp;&nbsp;&nbsp;&nbsp;&nbsp;&nbsp;&nbsp;&nbsp;&nbsp;&nbsp;&nbsp;&nbsp;&nbsp;&nbsp;<\/strong><\/p>\n","protected":false},"excerpt":{"rendered":"<p>I \u015aniadanie II \u015aniadanie Obiad Poniedzia\u0142ek 04.05 Kanapki Zr\u00f3b to sam! Pieczywo pszenno-\u017cytnie, pieczywo graham, mas\u0142o, pasta z tu\u0144czyka i zielonego groszku, szynka gotowana, og\u00f3rek kiszony, rzodkiewki, roszponka, herbata malinowa, mleko Deser pa\u0144 kucharek Kisiel z jab\u0142kiem, kalarepka s\u0142upki, herbata mi\u0119towa Zupa og\u00f3rkowa Pyry z gzikiem, gruszka, kompot wieloowocowy Alergeny: gluten, ryba, mleko i produkty [&hellip;]<\/p>\n","protected":false},"author":2,"featured_media":0,"parent":0,"menu_order":0,"comment_status":"closed","ping_status":"closed","template":"","meta":{"footnotes":""},"class_list":["post-617","page","type-page","status-publish","hentry"],"_links":{"self":[{"href":"https:\/\/ple113.poznan.pl\/index.php\/wp-json\/wp\/v2\/pages\/617","targetHints":{"allow":["GET"]}}],"collection":[{"href":"https:\/\/ple113.poznan.pl\/index.php\/wp-json\/wp\/v2\/pages"}],"about":[{"href":"https:\/\/ple113.poznan.pl\/index.php\/wp-json\/wp\/v2\/types\/page"}],"author":[{"embeddable":true,"href":"https:\/\/ple113.poznan.pl\/index.php\/wp-json\/wp\/v2\/users\/2"}],"replies":[{"embeddable":true,"href":"https:\/\/ple113.poznan.pl\/index.php\/wp-json\/wp\/v2\/comments?post=617"}],"version-history":[{"count":329,"href":"https:\/\/ple113.poznan.pl\/index.php\/wp-json\/wp\/v2\/pages\/617\/revisions"}],"predecessor-version":[{"id":5582,"href":"https:\/\/ple113.poznan.pl\/index.php\/wp-json\/wp\/v2\/pages\/617\/revisions\/5582"}],"wp:attachment":[{"href":"https:\/\/ple113.poznan.pl\/index.php\/wp-json\/wp\/v2\/media?parent=617"}],"curies":[{"name":"wp","href":"https:\/\/api.w.org\/{rel}","templated":true}]}}