{"id":85,"date":"2020-11-20T18:40:37","date_gmt":"2020-11-20T17:40:37","guid":{"rendered":"http:\/\/przedszkole113.openworld24.pl\/?page_id=85"},"modified":"2026-04-20T20:52:23","modified_gmt":"2026-04-20T18:52:23","slug":"rodo","status":"publish","type":"page","link":"https:\/\/ple113.poznan.pl\/index.php\/wazne-dokumenty\/rodo\/","title":{"rendered":"RODO"},"content":{"rendered":"\n<p><strong>Inspektor Ochrony Danych <\/strong><\/p>\n\n\n\n<p><strong>Mi\u0142osz Czerniejewski<\/strong><\/p>\n\n\n\n<p>e-mail: iod_mjo@um.poznan.pl<\/p>\n\n\n\n<p>tel. 61&nbsp;878-49-04<\/p>\n\n\n\n<p><strong>Zast\u0119pca Inspektora Ochrony Danych <\/strong><\/p>\n\n\n\n<p><strong>Anna Kwieci\u0144ska<\/strong><br>tel. 61 878-49-05<br>tel. kom: +48 723 211 742<br>e-mail: iod_mjo@um.poznan.pl<\/p>\n\n\n\n<div class=\"wp-block-file\"><a id=\"wp-block-file--media-cd296127-00f5-430c-873d-97d80f5db231\" href=\"https:\/\/ple113.poznan.pl\/wp-content\/uploads\/2025\/10\/1_Przedszkole_klauzula-informacyjna_ogolna4-1.docx\">Przedszkole_klauzula-informacyjna_ogolna<\/a><a href=\"https:\/\/ple113.poznan.pl\/wp-content\/uploads\/2025\/10\/1_Przedszkole_klauzula-informacyjna_ogolna4-1.docx\" class=\"wp-block-file__button wp-element-button\" download aria-describedby=\"wp-block-file--media-cd296127-00f5-430c-873d-97d80f5db231\">Pobierz<\/a><\/div>\n\n\n\n<div class=\"wp-block-file\"><a id=\"wp-block-file--media-b9f60e6a-811e-4f50-a61e-0b6cecba4cae\" href=\"https:\/\/ple113.poznan.pl\/wp-content\/uploads\/2025\/10\/Jednostki-Oswiatowe_klauzula-informacyjna_kontrahenci.docx\">Jednostki-Oswiatowe_klauzula-informacyjna_kontrahenci<\/a><a href=\"https:\/\/ple113.poznan.pl\/wp-content\/uploads\/2025\/10\/Jednostki-Oswiatowe_klauzula-informacyjna_kontrahenci.docx\" class=\"wp-block-file__button wp-element-button\" download aria-describedby=\"wp-block-file--media-b9f60e6a-811e-4f50-a61e-0b6cecba4cae\">Pobierz<\/a><\/div>\n\n\n\n<div class=\"wp-block-file\"><a id=\"wp-block-file--media-c20b55fb-a6e7-4722-a4dc-e911b56cf772\" href=\"https:\/\/ple113.poznan.pl\/wp-content\/uploads\/2025\/10\/Jednostki-Oswiatowe_klauzula-informacyjna_wizerunek_strony-www.docx\">Jednostki-Oswiatowe_klauzula-informacyjna_wizerunek_strony-www<\/a><a href=\"https:\/\/ple113.poznan.pl\/wp-content\/uploads\/2025\/10\/Jednostki-Oswiatowe_klauzula-informacyjna_wizerunek_strony-www.docx\" class=\"wp-block-file__button wp-element-button\" download aria-describedby=\"wp-block-file--media-c20b55fb-a6e7-4722-a4dc-e911b56cf772\">Pobierz<\/a><\/div>\n\n\n\n<p>Adres do e- Dor\u0119cze\u0144<\/p>\n\n\n\n<p>AE:PL-18150-78120-RIUVU-36<\/p>\n","protected":false},"excerpt":{"rendered":"<p>Inspektor Ochrony Danych Mi\u0142osz Czerniejewski e-mail: iod_mjo@um.poznan.pl tel. 61&nbsp;878-49-04 Zast\u0119pca Inspektora Ochrony Danych Anna Kwieci\u0144skatel. 61 878-49-05tel. kom: +48 723 211 742e-mail: iod_mjo@um.poznan.pl Adres do e- Dor\u0119cze\u0144 AE:PL-18150-78120-RIUVU-36<\/p>\n","protected":false},"author":1,"featured_media":0,"parent":79,"menu_order":0,"comment_status":"closed","ping_status":"closed","template":"","meta":{"footnotes":""},"class_list":["post-85","page","type-page","status-publish","hentry"],"_links":{"self":[{"href":"https:\/\/ple113.poznan.pl\/index.php\/wp-json\/wp\/v2\/pages\/85","targetHints":{"allow":["GET"]}}],"collection":[{"href":"https:\/\/ple113.poznan.pl\/index.php\/wp-json\/wp\/v2\/pages"}],"about":[{"href":"https:\/\/ple113.poznan.pl\/index.php\/wp-json\/wp\/v2\/types\/page"}],"author":[{"embeddable":true,"href":"https:\/\/ple113.poznan.pl\/index.php\/wp-json\/wp\/v2\/users\/1"}],"replies":[{"embeddable":true,"href":"https:\/\/ple113.poznan.pl\/index.php\/wp-json\/wp\/v2\/comments?post=85"}],"version-history":[{"count":20,"href":"https:\/\/ple113.poznan.pl\/index.php\/wp-json\/wp\/v2\/pages\/85\/revisions"}],"predecessor-version":[{"id":5572,"href":"https:\/\/ple113.poznan.pl\/index.php\/wp-json\/wp\/v2\/pages\/85\/revisions\/5572"}],"up":[{"embeddable":true,"href":"https:\/\/ple113.poznan.pl\/index.php\/wp-json\/wp\/v2\/pages\/79"}],"wp:attachment":[{"href":"https:\/\/ple113.poznan.pl\/index.php\/wp-json\/wp\/v2\/media?parent=85"}],"curies":[{"name":"wp","href":"https:\/\/api.w.org\/{rel}","templated":true}]}}