{"id":89,"date":"2020-11-20T18:41:27","date_gmt":"2020-11-20T17:41:27","guid":{"rendered":"http:\/\/przedszkole113.openworld24.pl\/?page_id=89"},"modified":"2026-03-18T15:00:28","modified_gmt":"2026-03-18T14:00:28","slug":"planowane-imprezy","status":"publish","type":"page","link":"https:\/\/ple113.poznan.pl\/index.php\/imprezy\/planowane-imprezy\/","title":{"rendered":"Planowane imprezy"},"content":{"rendered":"\n<p>05. 09 &#8211; Filharmonia Pomys\u0142\u00f3w- &#8222;Przystanek Tumidudki&#8221;<\/p>\n\n\n\n<p>17. 09 &#8211; Teatr Kurtynka &#8221; Co si\u0119 ze mn\u0105 dzieje&#8221;- przez emocje do poznania siebie<\/p>\n\n\n\n<p>10. 10 &#8211; Filharmonia Pomys\u0142\u00f3w &#8222;Tajemnice D\u017awi\u0119kostrady&#8221;<\/p>\n\n\n\n<p>15. 10 &#8211; Teatr Kurtynka- Opowie\u015b\u0107 Smoka Wawelskiego<\/p>\n\n\n\n<p>7. 11 &#8211; Filharmonia Pomys\u0142\u00f3w &#8222;Gondola Maestro Makaroniego&#8221;<\/p>\n\n\n\n<p>12.11 &#8211; Teatr Kurtynka &#8222;Porz\u0105dek i Higiena&#8221;- czyli przygody Ba\u0142aganiarza Bolka<\/p>\n\n\n\n<p> 5. 12 &#8211; Filharmonia Pomys\u0142\u00f3w &#8222;Rezerwat tukana Riko- tiko- ton&#8221;<\/p>\n\n\n\n<p>17.12 &#8211; Teatr Kurtynka- &#8222;\u015awi\u0105teczny Kurier&#8221;<\/p>\n\n\n\n<p>09. 01- Filharmonia Pomys\u0142\u00f3w &#8222;Pa\u0142ac Baleriny TUTU&#8221;<\/p>\n\n\n\n<p>14. 01 &#8211; Teatr Kurtynka &#8222;Opowie\u015b\u0107 o zagubionym \u015bniegu&#8221;<\/p>\n\n\n\n<p>06. 02 &#8211; Filharmonia Pomys\u0142\u00f3w &#8222;Warsztat Hanki Wyciszanki&#8221;<\/p>\n\n\n\n<p>11. 02 &#8211; Teatr Kurtynka- &#8222;Na ratunek planecie&#8221;<\/p>\n\n\n\n<p>13. 02 &#8211; wyj\u015bcie do Szko\u0142y Podstawowej nr 2- grupa Kangury i Delfiny<\/p>\n\n\n\n<p>03. 03 &#8211; warsztaty &#8211; Biblioteka os. O\u015bwiecenia- grupa Delfiny<\/p>\n\n\n\n<p>05.03 &#8211; wyj\u015bcie do Szko\u0142y Podstawowej nr 2 na przedstawienie- grupa Kangury i Delfiny<\/p>\n\n\n\n<p>09. 03 &#8211;  Kino Helios- grupa Kangury<\/p>\n\n\n\n<p> 13. 03 &#8211; Filharmonia Pomys\u0142\u00f3w &#8222;Ogr\u00f3d Ksi\u0105\u017cniczki Semiramidy&#8221;<\/p>\n\n\n\n<p>17.03 &#8211; wyj\u015bcie do Biblioteki szkolnej, SP 20- grupa Delfiny<\/p>\n\n\n\n<p>18. 03 &#8211; Teatr Kurtynka &#8222;Misja dla zaj\u0105ca&#8221;<\/p>\n\n\n\n<p>19. 03 &#8211; Zawody sportowe w Szkole Podstawowej nr 20- grupa Delfiny i Kangury<\/p>\n\n\n\n<p>20. 03- Witamy Pani\u0105 Wiosn\u0119- spacerkiem nad Wart\u0119<\/p>\n\n\n\n<p>25.03 &#8211; Bal u Pani Matematyki- wszystkie grupy<\/p>\n\n\n\n<p> 15. 04 &#8211; Teatr Kurtynka &#8222;By\u0142a sobie pszcz\u00f3\u0142ka ma\u0142a&#8230;&#8221;<\/p>\n\n\n\n<p> 17. 04 &#8211; Filharmonia Pomys\u0142\u00f3w Jazz Street Pana Kontrabasa<\/p>\n\n\n\n<p> 08. 05 &#8211; Filharmonia Pomys\u0142\u00f3w &#8222;Barbakan Babci Barbary&#8221;<\/p>\n\n\n\n<p> 13. 05 &#8211; Teatr Kurtynka &#8222;Popra\u0144cy- g\u00f3rscy ratownicy na czterech \u0142apach&#8221;<\/p>\n\n\n\n<p>19. 05 &#8211; wycieczka do &#8222;Chaty u kowala&#8221; w Kluczewie- wszystkie grupy<\/p>\n\n\n\n<p> 12. 06 &#8211; Filharmonia Pomys\u0142\u00f3w &#8222;Pude\u0142ko zwane wyobra\u017ani\u0105&#8221;<\/p>\n\n\n\n<p> 17. 06 &#8211; Teatr Kurtynka &#8222;Ale kosmos&#8221;<\/p>\n\n\n\n<p> 20. 06 &#8211; Po\u017cegnanie przedszkola &#8211; grupa Delfiny<\/p>\n\n\n\n<p><\/p>\n\n\n\n<p><\/p>\n\n\n\n<p><\/p>\n\n\n\n<p><\/p>\n\n\n\n<p><\/p>\n","protected":false},"excerpt":{"rendered":"<p>05. 09 &#8211; Filharmonia Pomys\u0142\u00f3w- &#8222;Przystanek Tumidudki&#8221; 17. 09 &#8211; Teatr Kurtynka &#8221; Co si\u0119 ze mn\u0105 dzieje&#8221;- przez emocje do poznania siebie 10. 10 &#8211; Filharmonia Pomys\u0142\u00f3w &#8222;Tajemnice D\u017awi\u0119kostrady&#8221; 15. 10 &#8211; Teatr Kurtynka- Opowie\u015b\u0107 Smoka Wawelskiego 7. 11 &#8211; Filharmonia Pomys\u0142\u00f3w &#8222;Gondola Maestro Makaroniego&#8221; 12.11 &#8211; Teatr Kurtynka &#8222;Porz\u0105dek i Higiena&#8221;- czyli przygody [&hellip;]<\/p>\n","protected":false},"author":1,"featured_media":0,"parent":87,"menu_order":0,"comment_status":"closed","ping_status":"closed","template":"","meta":{"footnotes":""},"class_list":["post-89","page","type-page","status-publish","hentry"],"_links":{"self":[{"href":"https:\/\/ple113.poznan.pl\/index.php\/wp-json\/wp\/v2\/pages\/89","targetHints":{"allow":["GET"]}}],"collection":[{"href":"https:\/\/ple113.poznan.pl\/index.php\/wp-json\/wp\/v2\/pages"}],"about":[{"href":"https:\/\/ple113.poznan.pl\/index.php\/wp-json\/wp\/v2\/types\/page"}],"author":[{"embeddable":true,"href":"https:\/\/ple113.poznan.pl\/index.php\/wp-json\/wp\/v2\/users\/1"}],"replies":[{"embeddable":true,"href":"https:\/\/ple113.poznan.pl\/index.php\/wp-json\/wp\/v2\/comments?post=89"}],"version-history":[{"count":51,"href":"https:\/\/ple113.poznan.pl\/index.php\/wp-json\/wp\/v2\/pages\/89\/revisions"}],"predecessor-version":[{"id":5493,"href":"https:\/\/ple113.poznan.pl\/index.php\/wp-json\/wp\/v2\/pages\/89\/revisions\/5493"}],"up":[{"embeddable":true,"href":"https:\/\/ple113.poznan.pl\/index.php\/wp-json\/wp\/v2\/pages\/87"}],"wp:attachment":[{"href":"https:\/\/ple113.poznan.pl\/index.php\/wp-json\/wp\/v2\/media?parent=89"}],"curies":[{"name":"wp","href":"https:\/\/api.w.org\/{rel}","templated":true}]}}