{"id":9,"date":"2020-11-20T17:53:37","date_gmt":"2020-11-20T16:53:37","guid":{"rendered":"http:\/\/przedszkole113.openworld24.pl\/?page_id=9"},"modified":"2026-03-02T18:07:04","modified_gmt":"2026-03-02T17:07:04","slug":"historia","status":"publish","type":"page","link":"https:\/\/ple113.poznan.pl\/index.php\/o-nas\/historia\/","title":{"rendered":"Historia"},"content":{"rendered":"\n<h4 class=\"wp-block-heading\"><strong>Historia Przedszkola<\/strong><\/h4>\n\n\n\n<p>Uroczyste otwarcie naszego przedszkola odby\u0142o si\u0119 1.09.1974 roku. \u00d3wczesnym dyrektorem by\u0142a p. Janina Jaho\u0142kowska. Powsta\u0142y cztery grupy wiekowe, kt\u00f3re przyj\u0119\u0142y nazw\u0119 : &#8222;Koty&#8221;, &#8222;Pingwiny&#8221;, &#8222;Delfiny&#8221; i &#8222;Kangury&#8221;. Rok p\u00f3\u017aniej utworzono pi\u0105ty oddzia\u0142 &#8222;Gepardy&#8221;. <br>W 1975 roku mama naszych przedszkolak\u00f3w, p. Maria Fierek u\u0142o\u017cy\u0142a tekst hymnu przedszkola, kt\u00f3ry sporadycznie jest \u015bpiewamy do dzisiaj.<br>23 maja 1980 roku odby\u0142a si\u0119 uroczysto\u015b\u0107 nadania imienia &#8222;Mali Sportowcy&#8221;. Przez wiele lat byli\u015bmy przedszkolem p\u0142ywackim. O zami\u0142owaniu do tej dyscypliny sportu \u015bwiadczy\u0107 mog\u0105 puchary i dyplomy zdobyte na zawodach. Jednak sytuacja ekonomiczna zmusi\u0142a nas do rezygnacji z nauki p\u0142ywania.<br>Od 1.09.1982 roku do 31.08.2007 roku&nbsp;funkcj\u0119 dyrektora przedszkola pe\u0142ni\u0142a p. Bo\u017cena \u015awiergiel-Stellmaszyk. Od 1.09.2007 roku&nbsp;nowym dyrektorem zosta\u0142a p. Anna Szuba. Nast\u0119pnie dyrektorem przedszkola by\u0142a Marta Klamecka- Muczek. Od roku 2022 dyrektorem przedszkola jest p. Agnieszka Werner. Obecnie w przedszkolu funkcjonuje pi\u0119\u0107 grup :&#8221;Koty&#8221;, &#8222;\u017babki&#8221;, &#8222;Pingwiny&#8221;, &#8222;Delfiny&#8221; i &#8222;Kangury&#8221;.<\/p>\n\n\n\n<figure class=\"wp-block-image aligncenter size-large is-resized\"><img fetchpriority=\"high\" decoding=\"async\" width=\"450\" height=\"327\" src=\"https:\/\/ple113.poznan.pl\/wp-content\/uploads\/2021\/02\/otwarcie_80.jpg\" alt=\"\" class=\"wp-image-236\" style=\"width:366px;height:265px\" srcset=\"https:\/\/ple113.poznan.pl\/wp-content\/uploads\/2021\/02\/otwarcie_80.jpg 450w, https:\/\/ple113.poznan.pl\/wp-content\/uploads\/2021\/02\/otwarcie_80-300x218.jpg 300w\" sizes=\"(max-width: 450px) 100vw, 450px\" \/><\/figure>\n\n\n\n<figure class=\"wp-block-gallery has-nested-images columns-default is-cropped wp-block-gallery-1 is-layout-flex wp-block-gallery-is-layout-flex\">\n<figure class=\"wp-block-image size-large\"><img decoding=\"async\" width=\"450\" height=\"309\" data-id=\"241\" src=\"https:\/\/ple113.poznan.pl\/wp-content\/uploads\/2021\/02\/wakacje_81.jpg\" alt=\"\" class=\"wp-image-241\" srcset=\"https:\/\/ple113.poznan.pl\/wp-content\/uploads\/2021\/02\/wakacje_81.jpg 450w, https:\/\/ple113.poznan.pl\/wp-content\/uploads\/2021\/02\/wakacje_81-300x206.jpg 300w\" sizes=\"(max-width: 450px) 100vw, 450px\" \/><\/figure>\n\n\n\n<figure class=\"wp-block-image size-large\"><img decoding=\"async\" width=\"700\" height=\"523\" data-id=\"239\" src=\"https:\/\/ple113.poznan.pl\/wp-content\/uploads\/2021\/02\/przedsz_1981.jpg\" alt=\"\" class=\"wp-image-239\" srcset=\"https:\/\/ple113.poznan.pl\/wp-content\/uploads\/2021\/02\/przedsz_1981.jpg 700w, https:\/\/ple113.poznan.pl\/wp-content\/uploads\/2021\/02\/przedsz_1981-300x224.jpg 300w\" sizes=\"(max-width: 700px) 100vw, 700px\" \/><\/figure>\n\n\n\n<figure class=\"wp-block-image size-large\"><img loading=\"lazy\" decoding=\"async\" width=\"700\" height=\"516\" data-id=\"238\" src=\"https:\/\/ple113.poznan.pl\/wp-content\/uploads\/2021\/02\/przedsz_1976.jpg\" alt=\"\" class=\"wp-image-238\" srcset=\"https:\/\/ple113.poznan.pl\/wp-content\/uploads\/2021\/02\/przedsz_1976.jpg 700w, https:\/\/ple113.poznan.pl\/wp-content\/uploads\/2021\/02\/przedsz_1976-300x221.jpg 300w\" sizes=\"(max-width: 700px) 100vw, 700px\" \/><\/figure>\n\n\n\n<figure class=\"wp-block-image size-large\"><img loading=\"lazy\" decoding=\"async\" width=\"1024\" height=\"749\" data-id=\"237\" src=\"https:\/\/ple113.poznan.pl\/wp-content\/uploads\/2021\/02\/otwarcie_80_1-1024x749.jpg\" alt=\"\" class=\"wp-image-237\" srcset=\"https:\/\/ple113.poznan.pl\/wp-content\/uploads\/2021\/02\/otwarcie_80_1-1024x749.jpg 1024w, https:\/\/ple113.poznan.pl\/wp-content\/uploads\/2021\/02\/otwarcie_80_1-300x219.jpg 300w, https:\/\/ple113.poznan.pl\/wp-content\/uploads\/2021\/02\/otwarcie_80_1-768x562.jpg 768w, https:\/\/ple113.poznan.pl\/wp-content\/uploads\/2021\/02\/otwarcie_80_1.jpg 1259w\" sizes=\"(max-width: 1024px) 100vw, 1024px\" \/><\/figure>\n\n\n\n<figure class=\"wp-block-image size-large\"><img loading=\"lazy\" decoding=\"async\" width=\"450\" height=\"406\" data-id=\"235\" src=\"https:\/\/ple113.poznan.pl\/wp-content\/uploads\/2021\/02\/gazet_74.jpg\" alt=\"\" class=\"wp-image-235\" srcset=\"https:\/\/ple113.poznan.pl\/wp-content\/uploads\/2021\/02\/gazet_74.jpg 450w, https:\/\/ple113.poznan.pl\/wp-content\/uploads\/2021\/02\/gazet_74-300x271.jpg 300w\" sizes=\"(max-width: 450px) 100vw, 450px\" \/><\/figure>\n<\/figure>\n","protected":false},"excerpt":{"rendered":"<p>Historia Przedszkola Uroczyste otwarcie naszego przedszkola odby\u0142o si\u0119 1.09.1974 roku. \u00d3wczesnym dyrektorem by\u0142a p. Janina Jaho\u0142kowska. Powsta\u0142y cztery grupy wiekowe, kt\u00f3re przyj\u0119\u0142y nazw\u0119 : &#8222;Koty&#8221;, &#8222;Pingwiny&#8221;, &#8222;Delfiny&#8221; i &#8222;Kangury&#8221;. Rok p\u00f3\u017aniej utworzono pi\u0105ty oddzia\u0142 &#8222;Gepardy&#8221;. W 1975 roku mama naszych przedszkolak\u00f3w, p. Maria Fierek u\u0142o\u017cy\u0142a tekst hymnu przedszkola, kt\u00f3ry sporadycznie jest \u015bpiewamy do dzisiaj.23 maja [&hellip;]<\/p>\n","protected":false},"author":1,"featured_media":0,"parent":7,"menu_order":0,"comment_status":"closed","ping_status":"closed","template":"","meta":{"footnotes":""},"class_list":["post-9","page","type-page","status-publish","hentry"],"_links":{"self":[{"href":"https:\/\/ple113.poznan.pl\/index.php\/wp-json\/wp\/v2\/pages\/9","targetHints":{"allow":["GET"]}}],"collection":[{"href":"https:\/\/ple113.poznan.pl\/index.php\/wp-json\/wp\/v2\/pages"}],"about":[{"href":"https:\/\/ple113.poznan.pl\/index.php\/wp-json\/wp\/v2\/types\/page"}],"author":[{"embeddable":true,"href":"https:\/\/ple113.poznan.pl\/index.php\/wp-json\/wp\/v2\/users\/1"}],"replies":[{"embeddable":true,"href":"https:\/\/ple113.poznan.pl\/index.php\/wp-json\/wp\/v2\/comments?post=9"}],"version-history":[{"count":10,"href":"https:\/\/ple113.poznan.pl\/index.php\/wp-json\/wp\/v2\/pages\/9\/revisions"}],"predecessor-version":[{"id":5369,"href":"https:\/\/ple113.poznan.pl\/index.php\/wp-json\/wp\/v2\/pages\/9\/revisions\/5369"}],"up":[{"embeddable":true,"href":"https:\/\/ple113.poznan.pl\/index.php\/wp-json\/wp\/v2\/pages\/7"}],"wp:attachment":[{"href":"https:\/\/ple113.poznan.pl\/index.php\/wp-json\/wp\/v2\/media?parent=9"}],"curies":[{"name":"wp","href":"https:\/\/api.w.org\/{rel}","templated":true}]}}