{"id":96,"date":"2020-11-20T18:42:24","date_gmt":"2020-11-20T17:42:24","guid":{"rendered":"http:\/\/przedszkole113.openworld24.pl\/?page_id=96"},"modified":"2026-04-27T19:29:09","modified_gmt":"2026-04-27T17:29:09","slug":"ciekawe-strony","status":"publish","type":"page","link":"https:\/\/ple113.poznan.pl\/index.php\/dla-rodzicow\/ciekawe-strony\/","title":{"rendered":"Ciekawe strony"},"content":{"rendered":"\n<p><a href=\"http:\/\/ko.poznan.pl\/\">Kuratorium O\u015bwiaty w Poznaniu \u2013 Kuratorium O\u015bwiaty w Poznaniu \u2013 Oficjalny serwis Kuratorium O\u015bwiaty w Poznaniu (ko.poznan.pl)<\/a><\/p>\n\n\n\n<p><a href=\"http:\/\/www.teatr-animacji-poznan.com.pl\/\">Teatr Animacji (teatr-animacji-poznan.com.pl)<\/a><\/p>\n\n\n\n<p><a href=\"https:\/\/rodzice.co\/10-pytan-o-dzieci-w-wirtualnej-sieci\/jak-ograniczyc-dziecku-czas-korzystania-z-telefonu-sprawdzone-zasady-ktore-dzialaja\/?utm_source=chatgpt.com\">Jak ograniczy\u0107 dziecku czas korzystania z telefonu? Sprawdzone zasady, kt\u00f3re dzia\u0142aj\u0105 &#8211; rodzice.co<\/a><\/p>\n\n\n\n<p><a href=\"https:\/\/cbt.pl\/poradnie\/ekran-pod-kontrola-praktyczne-porady-dla-rodzicow-o-higienie-cyfrowej\/?utm_source=chatgpt.com\">Ekran pod kontrol\u0105: praktyczne porady dla rodzic\u00f3w o higienie cyfrowej &#8211; Poradnie Centrum CBT<\/a><\/p>\n\n\n\n<p><a href=\"https:\/\/portal.librus.pl\/artykuly\/higiena-cyfrowa-co-warto-wiedziec-cz-2?utm_source=chatgpt.com\">Higiena cyfrowa \u2013 co warto wiedzie\u0107 Cz.2 &#8211; LIBRUS Portal<\/a><\/p>\n\n\n\n<p><\/p>\n","protected":false},"excerpt":{"rendered":"<p>Kuratorium O\u015bwiaty w Poznaniu \u2013 Kuratorium O\u015bwiaty w Poznaniu \u2013 Oficjalny serwis Kuratorium O\u015bwiaty w Poznaniu (ko.poznan.pl) Teatr Animacji (teatr-animacji-poznan.com.pl) Jak ograniczy\u0107 dziecku czas korzystania z telefonu? Sprawdzone zasady, kt\u00f3re dzia\u0142aj\u0105 &#8211; rodzice.co Ekran pod kontrol\u0105: praktyczne porady dla rodzic\u00f3w o higienie cyfrowej &#8211; Poradnie Centrum CBT Higiena cyfrowa \u2013 co warto wiedzie\u0107 Cz.2 &#8211; [&hellip;]<\/p>\n","protected":false},"author":1,"featured_media":0,"parent":93,"menu_order":0,"comment_status":"closed","ping_status":"closed","template":"","meta":{"footnotes":""},"class_list":["post-96","page","type-page","status-publish","hentry"],"_links":{"self":[{"href":"https:\/\/ple113.poznan.pl\/index.php\/wp-json\/wp\/v2\/pages\/96","targetHints":{"allow":["GET"]}}],"collection":[{"href":"https:\/\/ple113.poznan.pl\/index.php\/wp-json\/wp\/v2\/pages"}],"about":[{"href":"https:\/\/ple113.poznan.pl\/index.php\/wp-json\/wp\/v2\/types\/page"}],"author":[{"embeddable":true,"href":"https:\/\/ple113.poznan.pl\/index.php\/wp-json\/wp\/v2\/users\/1"}],"replies":[{"embeddable":true,"href":"https:\/\/ple113.poznan.pl\/index.php\/wp-json\/wp\/v2\/comments?post=96"}],"version-history":[{"count":6,"href":"https:\/\/ple113.poznan.pl\/index.php\/wp-json\/wp\/v2\/pages\/96\/revisions"}],"predecessor-version":[{"id":5576,"href":"https:\/\/ple113.poznan.pl\/index.php\/wp-json\/wp\/v2\/pages\/96\/revisions\/5576"}],"up":[{"embeddable":true,"href":"https:\/\/ple113.poznan.pl\/index.php\/wp-json\/wp\/v2\/pages\/93"}],"wp:attachment":[{"href":"https:\/\/ple113.poznan.pl\/index.php\/wp-json\/wp\/v2\/media?parent=96"}],"curies":[{"name":"wp","href":"https:\/\/api.w.org\/{rel}","templated":true}]}}