{"id":98,"date":"2020-11-20T18:42:45","date_gmt":"2020-11-20T17:42:45","guid":{"rendered":"http:\/\/przedszkole113.openworld24.pl\/?page_id=98"},"modified":"2025-05-19T19:16:34","modified_gmt":"2025-05-19T17:16:34","slug":"ciekawe-artykuly","status":"publish","type":"page","link":"https:\/\/ple113.poznan.pl\/index.php\/dla-rodzicow\/ciekawe-artykuly\/","title":{"rendered":"Ciekawe artyku\u0142y"},"content":{"rendered":"\n<div data-wp-interactive=\"core\/file\" class=\"wp-block-file\"><object data-wp-bind--hidden=\"!state.hasPdfPreview\" hidden class=\"wp-block-file__embed\" data=\"https:\/\/ple113.poznan.pl\/wp-content\/uploads\/2025\/05\/plakat-przedszkole-BEZPIECZENSTWO-DZIECKA-W-SIECI-dkmksu.pdf\" type=\"application\/pdf\" style=\"width:100%;height:600px\" aria-label=\"Osadzone z plakat-przedszkole-BEZPIECZENSTWO-DZIECKA-W-SIECI-dkmksu.\"><\/object><a id=\"wp-block-file--media-c1dcde87-9da2-46c8-8d24-045a3dece049\" href=\"https:\/\/ple113.poznan.pl\/wp-content\/uploads\/2025\/05\/plakat-przedszkole-BEZPIECZENSTWO-DZIECKA-W-SIECI-dkmksu.pdf\">plakat-przedszkole-BEZPIECZENSTWO-DZIECKA-W-SIECI-dkmksu<\/a><a href=\"https:\/\/ple113.poznan.pl\/wp-content\/uploads\/2025\/05\/plakat-przedszkole-BEZPIECZENSTWO-DZIECKA-W-SIECI-dkmksu.pdf\" class=\"wp-block-file__button wp-element-button\" download aria-describedby=\"wp-block-file--media-c1dcde87-9da2-46c8-8d24-045a3dece049\">Pobierz<\/a><\/div>\n\n\n\n<div data-wp-interactive=\"core\/file\" class=\"wp-block-file\"><object data-wp-bind--hidden=\"!state.hasPdfPreview\" hidden class=\"wp-block-file__embed\" data=\"https:\/\/ple113.poznan.pl\/wp-content\/uploads\/2025\/05\/kompetencje-medialne-w-zyciu-rodzinnym.pdf\" type=\"application\/pdf\" style=\"width:100%;height:600px\" aria-label=\"Osadzone z kompetencje-medialne-w-zyciu-rodzinnym.\"><\/object><a id=\"wp-block-file--media-09638c77-417b-43c0-b0a8-2aab8ad5d99a\" href=\"https:\/\/ple113.poznan.pl\/wp-content\/uploads\/2025\/05\/kompetencje-medialne-w-zyciu-rodzinnym.pdf\">kompetencje-medialne-w-zyciu-rodzinnym<\/a><a href=\"https:\/\/ple113.poznan.pl\/wp-content\/uploads\/2025\/05\/kompetencje-medialne-w-zyciu-rodzinnym.pdf\" class=\"wp-block-file__button wp-element-button\" download aria-describedby=\"wp-block-file--media-09638c77-417b-43c0-b0a8-2aab8ad5d99a\">Pobierz<\/a><\/div>\n\n\n\n<div data-wp-interactive=\"core\/file\" class=\"wp-block-file\"><object data-wp-bind--hidden=\"!state.hasPdfPreview\" hidden class=\"wp-block-file__embed\" data=\"https:\/\/ple113.poznan.pl\/wp-content\/uploads\/2025\/05\/Krok-po-MegaMoce-narzedziownik-dla-doroslych-materialy.pdf\" type=\"application\/pdf\" style=\"width:100%;height:600px\" aria-label=\"Osadzone z Krok-po-MegaMoce-narzedziownik-dla-doroslych-materialy.\"><\/object><a id=\"wp-block-file--media-16e2415b-8428-4a00-ba9b-515c6799dc3b\" href=\"https:\/\/ple113.poznan.pl\/wp-content\/uploads\/2025\/05\/Krok-po-MegaMoce-narzedziownik-dla-doroslych-materialy.pdf\">Krok-po-MegaMoce-narzedziownik-dla-doroslych-materialy<\/a><a href=\"https:\/\/ple113.poznan.pl\/wp-content\/uploads\/2025\/05\/Krok-po-MegaMoce-narzedziownik-dla-doroslych-materialy.pdf\" class=\"wp-block-file__button wp-element-button\" download aria-describedby=\"wp-block-file--media-16e2415b-8428-4a00-ba9b-515c6799dc3b\">Pobierz<\/a><\/div>\n\n\n\n<p>Ilustrowana ksi\u0105\u017ceczka o koronawirusie- <a href=\"https:\/\/113przedszkole.files.wordpress.com\/2020\/04\/koronawirus_ksiazka_dla_dzieci_w2.pdf\" data-type=\"URL\" data-id=\"https:\/\/113przedszkole.files.wordpress.com\/2020\/04\/koronawirus_ksiazka_dla_dzieci_w2.pdf\">link<\/a><\/p>\n\n\n\n<p>Bajka o z\u0142ym kr\u00f3lu wirusie i dobrej kwarantannie- <a href=\"https:\/\/d-pt.ppstatic.pl\/k\/r\/1\/8b\/08\/5e6f51705416d_z.pdf?1584353648\" data-type=\"URL\" data-id=\"https:\/\/d-pt.ppstatic.pl\/k\/r\/1\/8b\/08\/5e6f51705416d_z.pdf?1584353648\">link<\/a><\/p>\n\n\n\n<p>Koronawirus- ksi\u0105\u017cka dla dzieci &#8211; <a href=\"https:\/\/113przedszkole.files.wordpress.com\/2020\/04\/koronawirus_ksiazka_dla_dzieci_w2.pdf\" data-type=\"URL\" data-id=\"https:\/\/113przedszkole.files.wordpress.com\/2020\/04\/koronawirus_ksiazka_dla_dzieci_w2.pdf\">link<\/a><\/p>\n","protected":false},"excerpt":{"rendered":"<p>Ilustrowana ksi\u0105\u017ceczka o koronawirusie- link Bajka o z\u0142ym kr\u00f3lu wirusie i dobrej kwarantannie- link Koronawirus- ksi\u0105\u017cka dla dzieci &#8211; link<\/p>\n","protected":false},"author":1,"featured_media":0,"parent":93,"menu_order":0,"comment_status":"closed","ping_status":"closed","template":"","meta":{"footnotes":""},"class_list":["post-98","page","type-page","status-publish","hentry"],"_links":{"self":[{"href":"https:\/\/ple113.poznan.pl\/index.php\/wp-json\/wp\/v2\/pages\/98","targetHints":{"allow":["GET"]}}],"collection":[{"href":"https:\/\/ple113.poznan.pl\/index.php\/wp-json\/wp\/v2\/pages"}],"about":[{"href":"https:\/\/ple113.poznan.pl\/index.php\/wp-json\/wp\/v2\/types\/page"}],"author":[{"embeddable":true,"href":"https:\/\/ple113.poznan.pl\/index.php\/wp-json\/wp\/v2\/users\/1"}],"replies":[{"embeddable":true,"href":"https:\/\/ple113.poznan.pl\/index.php\/wp-json\/wp\/v2\/comments?post=98"}],"version-history":[{"count":6,"href":"https:\/\/ple113.poznan.pl\/index.php\/wp-json\/wp\/v2\/pages\/98\/revisions"}],"predecessor-version":[{"id":4833,"href":"https:\/\/ple113.poznan.pl\/index.php\/wp-json\/wp\/v2\/pages\/98\/revisions\/4833"}],"up":[{"embeddable":true,"href":"https:\/\/ple113.poznan.pl\/index.php\/wp-json\/wp\/v2\/pages\/93"}],"wp:attachment":[{"href":"https:\/\/ple113.poznan.pl\/index.php\/wp-json\/wp\/v2\/media?parent=98"}],"curies":[{"name":"wp","href":"https:\/\/api.w.org\/{rel}","templated":true}]}}